{"id":98,"date":"2017-10-03T15:49:09","date_gmt":"2017-10-03T14:49:09","guid":{"rendered":"http:\/\/amiens-sociologie.fr\/?page_id=98"},"modified":"2019-09-21T18:09:37","modified_gmt":"2019-09-21T17:09:37","slug":"nathalie-le-bouteillec","status":"publish","type":"page","link":"http:\/\/amiens-sociologie.fr\/index.php\/nathalie-le-bouteillec\/","title":{"rendered":"Nathalie Le Bouteillec"},"content":{"rendered":"\n<h4><strong>Professeure de D\u00e9mographie<\/strong><\/h4>\n\n\n\n<p>Bureau H109<\/p>\n\n\n\n<h4><strong><em>Responsabilit\u00e9s p\u00e9dagogiques<\/em> : Responsable du Master 2 parcours &#8220;Ing\u00e9nierie d\u00e9mographique et expertise des populations&#8221; (M2 IDEP)<\/strong><\/h4>\n\n\n\n<h4><em><strong>Responsabilit\u00e9s scientifiques<\/strong><\/em> : <strong>Directrice de l&#8217;UMR 7319 (UPJV-CNRS) <a href=\"https:\/\/www.u-picardie.fr\/curapp\/\">CURAPP &#8220;Centre Universitaire de Recherches sur l&#8217;Action Publique et le Politique&#8221;<\/a><\/strong><\/h4>\n\n\n\n<p><strong><em>Permanence<\/em><\/strong> : voir sur porte de bureau<\/p>\n\n\n\n<p><strong><em>Domaines de recherche<\/em><\/strong> : Famille, parentalit\u00e9 ; Genre ; Travail des femmes ; Politiques sociales et familiales, Politiques de population, Histoire des Etats-providence ; M\u00e9thode comparative en sciences sociales. <\/p>\n\n\n\n<p><strong><em>Contact<\/em><\/strong> : nathalie.lebouteillec[at]u-picardie.fr<\/p>\n","protected":false},"excerpt":{"rendered":"<p>Professeure de D\u00e9mographie Bureau H109 Responsabilit\u00e9s p\u00e9dagogiques : Responsable du Master 2 parcours &#8220;Ing\u00e9nierie d\u00e9mographique et expertise des populations&#8221; (M2 IDEP) Responsabilit\u00e9s scientifiques : Directrice de l&#8217;UMR 7319 (UPJV-CNRS) CURAPP &#8220;Centre Universitaire de Recherches sur l&#8217;Action Publique et le Politique&#8221; Permanence : voir sur porte de bureau Domaines de recherche : Famille, parentalit\u00e9 ; Genre &#8230; <a title=\"Nathalie Le Bouteillec\" class=\"read-more\" href=\"http:\/\/amiens-sociologie.fr\/index.php\/nathalie-le-bouteillec\/\">Read more<span class=\"screen-reader-text\">Nathalie Le Bouteillec<\/span><\/a><\/p>\n","protected":false},"author":1,"featured_media":0,"parent":0,"menu_order":0,"comment_status":"closed","ping_status":"closed","template":"","meta":[],"_links":{"self":[{"href":"http:\/\/amiens-sociologie.fr\/index.php\/wp-json\/wp\/v2\/pages\/98"}],"collection":[{"href":"http:\/\/amiens-sociologie.fr\/index.php\/wp-json\/wp\/v2\/pages"}],"about":[{"href":"http:\/\/amiens-sociologie.fr\/index.php\/wp-json\/wp\/v2\/types\/page"}],"author":[{"embeddable":true,"href":"http:\/\/amiens-sociologie.fr\/index.php\/wp-json\/wp\/v2\/users\/1"}],"replies":[{"embeddable":true,"href":"http:\/\/amiens-sociologie.fr\/index.php\/wp-json\/wp\/v2\/comments?post=98"}],"version-history":[{"count":5,"href":"http:\/\/amiens-sociologie.fr\/index.php\/wp-json\/wp\/v2\/pages\/98\/revisions"}],"predecessor-version":[{"id":1506,"href":"http:\/\/amiens-sociologie.fr\/index.php\/wp-json\/wp\/v2\/pages\/98\/revisions\/1506"}],"wp:attachment":[{"href":"http:\/\/amiens-sociologie.fr\/index.php\/wp-json\/wp\/v2\/media?parent=98"}],"curies":[{"name":"wp","href":"https:\/\/api.w.org\/{rel}","templated":true}]}}