{"id":96,"date":"2017-10-03T15:48:58","date_gmt":"2017-10-03T14:48:58","guid":{"rendered":"http:\/\/amiens-sociologie.fr\/?page_id=96"},"modified":"2019-09-21T18:09:03","modified_gmt":"2019-09-21T17:09:03","slug":"nathalie-frigul","status":"publish","type":"page","link":"http:\/\/amiens-sociologie.fr\/index.php\/nathalie-frigul\/","title":{"rendered":"Nathalie Frigul"},"content":{"rendered":"\n<h4><strong>Ma\u00eetre de conf\u00e9rences<\/strong><\/h4>\n\n\n\n<p>Bureau H103<\/p>\n\n\n\n<h4><em><strong>Responsabilit\u00e9s p\u00e9dagogiques<\/strong><\/em><strong> : Co-responsable du D\u00e9partement de Sociologie, Ethnologie, D\u00e9mographie <\/strong>(avec Mait\u00e9 Boullosa-Joly)<strong>.<\/strong><\/h4>\n\n\n\n<p><strong><em>Permanence<\/em><\/strong> : sur rendez-vous. <\/p>\n\n\n\n<p><strong><em>Domaines de recherches<\/em><\/strong> : Sant\u00e9, travail, in\u00e9galit\u00e9s sociales ; Ch\u00f4mage, pr\u00e9carit\u00e9 ; Politiques sociales. Emploi et reconversions professionnelles. Mouvements sociaux. <\/p>\n\n\n\n<p><strong><em>Contact<\/em><\/strong> : nathalie.frigul[at]u-picardie.fr<\/p>\n","protected":false},"excerpt":{"rendered":"<p>Ma\u00eetre de conf\u00e9rences Bureau H103 Responsabilit\u00e9s p\u00e9dagogiques : Co-responsable du D\u00e9partement de Sociologie, Ethnologie, D\u00e9mographie (avec Mait\u00e9 Boullosa-Joly). Permanence : sur rendez-vous. Domaines de recherches : Sant\u00e9, travail, in\u00e9galit\u00e9s sociales ; Ch\u00f4mage, pr\u00e9carit\u00e9 ; Politiques sociales. Emploi et reconversions professionnelles. Mouvements sociaux. Contact : nathalie.frigul[at]u-picardie.fr<\/p>\n","protected":false},"author":1,"featured_media":0,"parent":0,"menu_order":0,"comment_status":"closed","ping_status":"closed","template":"","meta":[],"_links":{"self":[{"href":"http:\/\/amiens-sociologie.fr\/index.php\/wp-json\/wp\/v2\/pages\/96"}],"collection":[{"href":"http:\/\/amiens-sociologie.fr\/index.php\/wp-json\/wp\/v2\/pages"}],"about":[{"href":"http:\/\/amiens-sociologie.fr\/index.php\/wp-json\/wp\/v2\/types\/page"}],"author":[{"embeddable":true,"href":"http:\/\/amiens-sociologie.fr\/index.php\/wp-json\/wp\/v2\/users\/1"}],"replies":[{"embeddable":true,"href":"http:\/\/amiens-sociologie.fr\/index.php\/wp-json\/wp\/v2\/comments?post=96"}],"version-history":[{"count":5,"href":"http:\/\/amiens-sociologie.fr\/index.php\/wp-json\/wp\/v2\/pages\/96\/revisions"}],"predecessor-version":[{"id":1505,"href":"http:\/\/amiens-sociologie.fr\/index.php\/wp-json\/wp\/v2\/pages\/96\/revisions\/1505"}],"wp:attachment":[{"href":"http:\/\/amiens-sociologie.fr\/index.php\/wp-json\/wp\/v2\/media?parent=96"}],"curies":[{"name":"wp","href":"https:\/\/api.w.org\/{rel}","templated":true}]}}