{"id":954,"date":"2018-09-07T14:13:46","date_gmt":"2018-09-07T13:13:46","guid":{"rendered":"http:\/\/amiens-sociologie.fr\/?page_id=954"},"modified":"2018-09-12T19:50:55","modified_gmt":"2018-09-12T18:50:55","slug":"alexy-argentine-la-plata","status":"publish","type":"page","link":"http:\/\/amiens-sociologie.fr\/index.php\/alexy-argentine-la-plata\/","title":{"rendered":"Alexy &#8211; Argentine &#8211; Universit\u00e9 La Plata"},"content":{"rendered":"<p>Je suis Alexy, j\u2019ai \u00e9tudi\u00e9 \u00e0 l\u2019universit\u00e9 de La Plata en Argentine durant 2 semestres. J\u2019ai valid\u00e9 ma troisi\u00e8me ann\u00e9e de Licence Sociologie.<\/p>\n<p><strong>Qu\u2019est-ce qui t\u2019a motiv\u00e9 \u00e0 partir dans un programme de mobilit\u00e9 ?<\/strong><\/p>\n<p>Je r\u00eavais de partir \u00e9tudier \u00e0 l\u2019\u00e9tranger. Mon premier choix se portait spontan\u00e9ment sur les Etats-Unis. Ayant d\u00e9j\u00e0 eu la chance d\u2019aller l\u00e0-bas une semaine lors d\u2019un programme d\u2019\u00e9change au lyc\u00e9e, je voulais tenter l\u2019exp\u00e9rience sur un an. Malheureusement, faute de savoir o\u00f9 se situer mon niveau d\u2019anglais et le fait de devoir payer le TOEFL m\u2019ont refroidi. Je me suis alors tourn\u00e9 vers les accords bilat\u00e9raux de l\u2019UPJV avec des pays hispanophones. Je voulais partir loin et \u00eatre un peu d\u00e9pays\u00e9, et l\u2019universit\u00e9 de La Plata non loin de Buenos Aires (40km) repr\u00e9sentait une vraie opportunit\u00e9 pour moi. J\u2019avais une bonne image de l\u2019Argentine, et je me suis ensuite un peu plus renseign\u00e9 sur le pays en lui-m\u00eame afin de savoir o\u00f9 je mettais les pieds en postulant pour l\u2019\u00e9change. J\u2019ai ensuite \u00e9t\u00e9 accompagn\u00e9 par les enseignants responsables erasmus du d\u00e9partement de sociologie et par Mme ALVES dans mes d\u00e9marches p\u00e9dagogiques et mon programme d\u2019\u00e9change.<\/p>\n<p><strong>Comment tu as organis\u00e9 ton d\u00e9part\u00a0?<\/strong><\/p>\n<p>J\u2019ai eu mes r\u00e9sultats de ma 2<sup>e<\/sup> ann\u00e9e et dans la foul\u00e9e ma r\u00e9ponse positive concernant l\u2019\u00e9change en Argentine. J\u2019ai eu moins de 2 mois pour organiser mon d\u00e9part. Je m\u2019\u00e9tais renseign\u00e9 sur les dates de rentr\u00e9e de la fac en Argentine pour arriver un peu avant. J\u2019ai finalement r\u00e9serv\u00e9 un billet aller simple (je ne savais pas \u00e0 l\u2019\u00e9poque qu\u2019acheter l\u2019aller fixe + retour modifiable me couterait bien moins cher) sur JetCost en voyageant avec LATAM Airlines.<\/p>\n<p>De mon c\u00f4t\u00e9 j\u2019avais d\u00e9j\u00e0 sond\u00e9 les dossiers d\u2019aides financi\u00e8res (bourse CROUS, bourse DAI, bourse d\u00e9partementale, bourse MERMOZ) il ne me manquait plus que les pi\u00e8ces justificatives tel que le certificat de scolarit\u00e9 de l\u2019UPJV (je m\u2019\u00e9tais inscrits en juillet \u00e0 l\u2019UPJV, quelques jours avant de partir pour l\u2019Argentine). Avec mon statut de boursier j\u2019avais d\u00e9j\u00e0 quelques pr\u00e9visions concernant l\u2019obtention des bourses et des simulations faites. Je partais un peu dans le flou tout de m\u00eame, chose qui m\u2019inqui\u00e9tait au d\u00e9but de mon \u00e9change. Lors des r\u00e9ponses positives des 4 bourses possibles, je fus soulag\u00e9 et totalement pr\u00eat \u00e0 profiter de cet \u00e9change sur ce continent inconnu\u00a0!<\/p>\n<p>Je suis parti en n\u2019ayant pas pratiqu\u00e9 l\u2019espagnol durant 3 ans. N\u00e9anmoins je savais qu\u2019il me restait des bases solides de conjugaisons mais j\u2019\u00e9tais aussi conscient de mon manque criant de vocabulaire dans la vie quotidienne. Pour l\u2019anecdote, j\u2019ai emport\u00e9 un Bescherelle avec moi pour avoir bonne conscience. Je l\u2019ai ouvert 1h30 avant d\u2019atterrir \u00e0 Buenos Aires afin de me rafraichir un peu la m\u00e9moire. Je l\u2019ai feuillet\u00e9 pendant 20 minutes et je ne l\u2019ai plus rouvert jusqu\u2019\u00e0 mon d\u00e9part 12 mois plus tard. Je me suis forc\u00e9 tout de suite \u00e0 pratiquer la langue avec le plus de personnes possibles, des argentins et mexicains notamment afin d\u2019am\u00e9liorer mon niveau le plus rapidement possible pour \u00eatre op\u00e9rationnel et valider mes cours.<\/p>\n<p><strong>\u00a0<\/strong><strong>Comment s\u2019est pass\u00e9 ton premier cours\u00a0?<\/strong><\/p>\n<p>A vrai dire, je n\u2019ai pas de souvenir exact de mon premier cours\u00a0! Mais au moment m\u00eame o\u00f9 j\u2019\u00e9cris, je me souviens que c\u2019\u00e9tait un cours sur les th\u00e9ories sociales latino-am\u00e9ricaines, un cours int\u00e9ressant mais que je n\u2019ai pas souhait\u00e9 continu\u00e9. L\u2019anti-europ\u00e9anisme y \u00e9tait omnipr\u00e9sent, cela permettait d\u2019avoir un vrai regard d\u00e9centr\u00e9 de la pens\u00e9e et du postulat europ\u00e9en en sciences sociales. N\u00e9anmoins, j\u2019avais plus d\u2019affinit\u00e9 avec d\u2019autres profs et d\u2019autres cours.<\/p>\n<p>La UNLP (Universidad Nacional de La Plata) est dans le top 3 des facult\u00e9s du pays avec Cordoba et Buenos Aires. Elle est notamment r\u00e9put\u00e9e pour sa tradition militante \u00e9tudiante depuis la fin des ann\u00e9es 60 et sa reconnaissance \u00e0 l\u2019\u00e9chelle continentale et internationale. Il faut savoir qu\u2019environ 25% de la population de La Plata est \u00e9tudiante, ce qui repr\u00e9sente environ 200.000 \u00e9tudiants dans une ville, capitale de la Province de Buenos Aires (Buenos Aires, la capitale, ayant son propre gouvernement autonome au sein de cette province).<\/p>\n<p>Je n\u2019ai pas rencontr\u00e9 de grandes difficult\u00e9s en Argentine, si ce n\u2019est \u00e9ventuellement l\u2019obtention du visa \u00e9tudiant aupr\u00e8s des autorit\u00e9s (beaucoup de papiers) et l\u2019apprentissage premier de la langue. Le plus facile \u00e9tait certainement aussi de pratiquer la langue et de progresser, je notais mes progr\u00e8s au bout de 6 semaines d\u00e9j\u00e0. Egalement, le contact humain est rendu bien plus facile avec les autres \u00e9tudiants Erasmus ou non, et le fait d\u2019\u00eatre \u00e9tudiant \u00e9tranger, fran\u00e7ais qui plus est, ouvre des portes insoup\u00e7onn\u00e9es eh\u00a0! L\u2019Argentine aime la France, et la France aime l\u2019Argentine\u00a0!<\/p>\n<p><strong>\u00a0<\/strong><strong>Tu pourrais nous d\u00e9crire bri\u00e8vement ton quotidien\u00a0?<\/strong><\/p>\n<p>J\u2019avais 3 jours de cours au premier semestre et 2 jours de cours au 2<sup>e<\/sup> semestre, avec une charge horaire de 14h \/ semaine en moyenne ainsi que la validation de mes 3 mati\u00e8res pour obtenir mon semestre. Je ne participais pas \u00e0 la vie universitaire en tant que telle, davantage pr\u00e9occup\u00e9 par les soir\u00e9es Erasmus et les anniversaires que l\u2019on f\u00eatait toutes les semaines. J\u2019avais plus de feeling avec un groupe d\u2019\u00e9tudiants mexicains et des argentins, j\u2019\u00e9tais donc peu souvent avec les fran\u00e7ais, d\u2019ailleurs tr\u00e8s nombreux en Argentine et qui \u00e9taient r\u00e9put\u00e9s pour ne pas trop se mixer avec les autres, ce qui \u00e9tait loin d\u2019\u00eatre mon cas\u00a0!<\/p>\n<p>L\u2019Argentine est sp\u00e9cifique car ils ont un vocabulaire \u00e0 eux, comme chaque pays sud-am\u00e9ricain qui diff\u00e8re de l\u2019espagnol d\u2019Espagne (qu\u2019ils appellent d\u2019ailleurs castillan et non espagnol). Egalement, ils ont une prononciation extr\u00eamement distincte des autres pays hispanophones puisqu\u2019il prononce tous les \u00ab\u00a0y\u00a0\u00bb et \u00ab\u00a0ll\u00a0\u00bb avec un \u00ab\u00a0ch\u00a0\u00bb. Le th\u00e8me de l\u2019inflation est une sp\u00e9cificit\u00e9 argentine \u00e9galement. Bien qu\u2019\u00e9tant un pays d\u00e9velopp\u00e9, ils connaissent une inflation des prix de 25 \u00e0 30% chaque ann\u00e9e. Attention donc au taux de change qui fluctuent d\u2019une semaine \u00e0 l\u2019autre, voire d\u2019un jour \u00e0 l\u2019autre\u00a0!<\/p>\n<p>Ils n\u2019ont pas de sp\u00e9cialit\u00e9 culinaire propre (tr\u00e8s influenc\u00e9 par la culture italienne), si ce n\u2019est le mat\u00e9, une infusion amer qu\u2019ils consomment toute la journ\u00e9e et qui a des propri\u00e9t\u00e9s \u00e9nerg\u00e9tiques, nutritives, aphrodisiaques et addictives\u00a0J Les argentins mangent tard (pas avant 22h00) et se l\u00e8vent g\u00e9n\u00e9ralement t\u00f4t (car la dur\u00e9e de travail est souvent de 42h \/ 48h par semaine).<\/p>\n<p>Lors de mes 4 mois de vacances estivales (entre fin novembre et fin f\u00e9vrier), j\u2019ai pu visiter le nord ouest-argentin, me rendre aux chutes d\u2019Iguazu, aller en Patagonie, visiter plusieurs semaines tour \u00e0 tour le Chili, le Br\u00e9sil, le P\u00e9rou et la Bolivie en respectant mon budget. Je me suis \u00e9galement rendu dans la ville de Cordoba afin d\u2019aller contempler la maison de Che Guevara, ic\u00f4ne de la r\u00e9volution cubaine et leader charismatique anticapitaliste.<\/p>\n<p><strong>Qu\u2019est-ce que tu as envie de dire aux \u00e9tudiants de sociologie qui h\u00e9sitent \u00e0 partir\u00a0?<\/strong><\/p>\n<p>Je n\u2019ai aucun regret d\u2019\u00eatre parti, bien que je partais tout seul et que je savais que personne que je connaissais d\u2019avant ne viendrait me voir. Je suis donc parti avec l\u2019envie d\u2019apprendre et de partager \u00e0 mon tour, dans cette id\u00e9e de don et de contre-don cher \u00e0 Marcel MAUSS et de profiter de cette chose qu\u2019est LA VIE.<\/p>\n<p>Je dis maintenant \u00ab\u00a0Erasmus, \u00e7a devrait \u00eatre obligatoire\u00a0! \u00bb. Ca permet d\u2019avoir une ouverture d\u2019esprit, de se d\u00e9centrer de nous-m\u00eame et de nous recentrer \u00e0 nouveau sur nous-m\u00eame et sur les autres comme une sorte de processus de r\u00e9-ethnocentrisation non plus comme fran\u00e7ais europ\u00e9en, sinon comme citoyen du monde et \u00eatre humain. Vous apprendrez beaucoup sur vous-m\u00eame, les autres et vous saurez profiter de chaque instant que la vie vous offre. Se recentrer sur l\u2019essentiel, le fait de vivre et de ne pas avoir de regrets, et encore moins de remords. L\u2019enrichissement personnel, professionnel et linguistique est TOTAL. Alors n\u2019attendez plus, foncez au DAI voir les accords bilat\u00e9raux, postulez et peut-\u00eatre vivrez-vous comme moi une exp\u00e9rience humaine hors du commun en Am\u00e9rique du Sud\u00a0!<\/p>\n<p>Mon mail\u00a0: alexy-b@hotmail.fr<\/p>\n<p><span style=\"color: #3366ff;\"><strong>Alexy a t\u00e9moign\u00e9 de son exp\u00e9rience aux \u00e9tudiant.es de L1, L2 et L3. D\u00e9couvrez sa pr\u00e9sentation (ppt):<\/strong><\/span> <a href=\"http:\/\/amiens-sociologie.fr\/wp-content\/uploads\/2018\/09\/Alexy-Argentine.pptx\"><span style=\"color: #000000;\">Alexy &#8211; Argentine<\/span><\/a><\/p>\n<p>&nbsp;<\/p>\n","protected":false},"excerpt":{"rendered":"<p>Je suis Alexy, j\u2019ai \u00e9tudi\u00e9 \u00e0 l\u2019universit\u00e9 de La Plata en Argentine durant 2 semestres. J\u2019ai valid\u00e9 ma troisi\u00e8me ann\u00e9e de Licence Sociologie. Qu\u2019est-ce qui t\u2019a motiv\u00e9 \u00e0 partir dans un programme de mobilit\u00e9 ? Je r\u00eavais de partir \u00e9tudier \u00e0 l\u2019\u00e9tranger. Mon premier choix se portait spontan\u00e9ment sur les Etats-Unis. Ayant d\u00e9j\u00e0 eu la &#8230; <a title=\"Alexy &#8211; Argentine &#8211; Universit\u00e9 La Plata\" class=\"read-more\" href=\"http:\/\/amiens-sociologie.fr\/index.php\/alexy-argentine-la-plata\/\">Read more<span class=\"screen-reader-text\">Alexy &#8211; Argentine &#8211; Universit\u00e9 La Plata<\/span><\/a><\/p>\n","protected":false},"author":13,"featured_media":0,"parent":0,"menu_order":0,"comment_status":"closed","ping_status":"closed","template":"","meta":[],"_links":{"self":[{"href":"http:\/\/amiens-sociologie.fr\/index.php\/wp-json\/wp\/v2\/pages\/954"}],"collection":[{"href":"http:\/\/amiens-sociologie.fr\/index.php\/wp-json\/wp\/v2\/pages"}],"about":[{"href":"http:\/\/amiens-sociologie.fr\/index.php\/wp-json\/wp\/v2\/types\/page"}],"author":[{"embeddable":true,"href":"http:\/\/amiens-sociologie.fr\/index.php\/wp-json\/wp\/v2\/users\/13"}],"replies":[{"embeddable":true,"href":"http:\/\/amiens-sociologie.fr\/index.php\/wp-json\/wp\/v2\/comments?post=954"}],"version-history":[{"count":5,"href":"http:\/\/amiens-sociologie.fr\/index.php\/wp-json\/wp\/v2\/pages\/954\/revisions"}],"predecessor-version":[{"id":985,"href":"http:\/\/amiens-sociologie.fr\/index.php\/wp-json\/wp\/v2\/pages\/954\/revisions\/985"}],"wp:attachment":[{"href":"http:\/\/amiens-sociologie.fr\/index.php\/wp-json\/wp\/v2\/media?parent=954"}],"curies":[{"name":"wp","href":"https:\/\/api.w.org\/{rel}","templated":true}]}}