{"id":94,"date":"2017-10-03T15:48:51","date_gmt":"2017-10-03T14:48:51","guid":{"rendered":"http:\/\/amiens-sociologie.fr\/?page_id=94"},"modified":"2019-09-21T17:38:57","modified_gmt":"2019-09-21T16:38:57","slug":"maite-boullosa","status":"publish","type":"page","link":"http:\/\/amiens-sociologie.fr\/index.php\/maite-boullosa\/","title":{"rendered":"Ma\u00eft\u00e9 Boullosa-Joly"},"content":{"rendered":"\n<h4><strong>Ma\u00eetre de conf\u00e9rences<\/strong><\/h4>\n\n\n\n<p>Bureau H113<\/p>\n\n\n\n<h4><strong><em>Responsabilit\u00e9s p\u00e9dagogiques<\/em><\/strong> : <strong>Co-responsable du D\u00e9partement de Sociologie, Ethnologie, D\u00e9mographie<\/strong> (avec Nathalie Frigul)<\/h4>\n\n\n\n<p><strong><em>Permanence<\/em><\/strong> : voir affichage sur le bureau. <\/p>\n\n\n\n<p><strong><em>Domaines de recherche<\/em><\/strong> : anthropologie politique, revendications identitaires et conflits socio-environnementaux en Am\u00e9rique latine. Recherches actuelles sur les collectifs alternatifs en France (vie collective \/ revendications sociales, politiques et \u00e9cologiques) <\/p>\n\n\n\n<p><strong><em>Contact<\/em><\/strong> : maite.boullosa-at-u-picardie.fr <\/p>\n\n\n\n<h4><a href=\"https:\/\/www.u-picardie.fr\/curapp\/node\/96\">CV<\/a><\/h4>\n\n\n\n<h4><a href=\"http:\/\/www.maiteboullosa-joly.org\/\">Site articles et Photos terrain<\/a><\/h4>\n","protected":false},"excerpt":{"rendered":"<p>Ma\u00eetre de conf\u00e9rences Bureau H113 Responsabilit\u00e9s p\u00e9dagogiques : Co-responsable du D\u00e9partement de Sociologie, Ethnologie, D\u00e9mographie (avec Nathalie Frigul) Permanence : voir affichage sur le bureau. Domaines de recherche : anthropologie politique, revendications identitaires et conflits socio-environnementaux en Am\u00e9rique latine. Recherches actuelles sur les collectifs alternatifs en France (vie collective \/ revendications sociales, politiques et \u00e9cologiques) &#8230; <a title=\"Ma\u00eft\u00e9 Boullosa-Joly\" class=\"read-more\" href=\"http:\/\/amiens-sociologie.fr\/index.php\/maite-boullosa\/\">Read more<span class=\"screen-reader-text\">Ma\u00eft\u00e9 Boullosa-Joly<\/span><\/a><\/p>\n","protected":false},"author":1,"featured_media":0,"parent":0,"menu_order":0,"comment_status":"closed","ping_status":"closed","template":"","meta":[],"_links":{"self":[{"href":"http:\/\/amiens-sociologie.fr\/index.php\/wp-json\/wp\/v2\/pages\/94"}],"collection":[{"href":"http:\/\/amiens-sociologie.fr\/index.php\/wp-json\/wp\/v2\/pages"}],"about":[{"href":"http:\/\/amiens-sociologie.fr\/index.php\/wp-json\/wp\/v2\/types\/page"}],"author":[{"embeddable":true,"href":"http:\/\/amiens-sociologie.fr\/index.php\/wp-json\/wp\/v2\/users\/1"}],"replies":[{"embeddable":true,"href":"http:\/\/amiens-sociologie.fr\/index.php\/wp-json\/wp\/v2\/comments?post=94"}],"version-history":[{"count":5,"href":"http:\/\/amiens-sociologie.fr\/index.php\/wp-json\/wp\/v2\/pages\/94\/revisions"}],"predecessor-version":[{"id":1489,"href":"http:\/\/amiens-sociologie.fr\/index.php\/wp-json\/wp\/v2\/pages\/94\/revisions\/1489"}],"wp:attachment":[{"href":"http:\/\/amiens-sociologie.fr\/index.php\/wp-json\/wp\/v2\/media?parent=94"}],"curies":[{"name":"wp","href":"https:\/\/api.w.org\/{rel}","templated":true}]}}