{"id":90,"date":"2017-10-03T15:48:26","date_gmt":"2017-10-03T14:48:26","guid":{"rendered":"http:\/\/amiens-sociologie.fr\/?page_id=90"},"modified":"2019-09-21T17:58:38","modified_gmt":"2019-09-21T16:58:38","slug":"laurence-proteau","status":"publish","type":"page","link":"http:\/\/amiens-sociologie.fr\/index.php\/laurence-proteau\/","title":{"rendered":"Laurence Proteau"},"content":{"rendered":"\n<h4><strong>Ma\u00eetre de conf\u00e9rences<\/strong><\/h4>\n\n\n\n<p>Bureau H103<\/p>\n\n\n\n<h4><strong>Responsabilit\u00e9s p\u00e9dagogiques : Co-responsable du L3 parcours &#8220;Sciences Sanitaires et Sociales&#8221; <\/strong>(avec Bernard Champaloux)<\/h4>\n\n\n\n<p><strong><em>Domaines de recherche<\/em><\/strong> : sociologie de l&#8217;ordre. Analyse socio-historique de l\u2019espace du pouvoir policier. Conditions de travail et styles de vie des ouvriers en milieu rural.<\/p>\n\n\n\n<p><strong><em>Contact<\/em><\/strong> : laurence.proteau[at]u-picardie.fr<\/p>\n","protected":false},"excerpt":{"rendered":"<p>Ma\u00eetre de conf\u00e9rences Bureau H103 Responsabilit\u00e9s p\u00e9dagogiques : Co-responsable du L3 parcours &#8220;Sciences Sanitaires et Sociales&#8221; (avec Bernard Champaloux) Domaines de recherche : sociologie de l&#8217;ordre. Analyse socio-historique de l\u2019espace du pouvoir policier. Conditions de travail et styles de vie des ouvriers en milieu rural. Contact : laurence.proteau[at]u-picardie.fr<\/p>\n","protected":false},"author":1,"featured_media":0,"parent":0,"menu_order":0,"comment_status":"closed","ping_status":"closed","template":"","meta":[],"_links":{"self":[{"href":"http:\/\/amiens-sociologie.fr\/index.php\/wp-json\/wp\/v2\/pages\/90"}],"collection":[{"href":"http:\/\/amiens-sociologie.fr\/index.php\/wp-json\/wp\/v2\/pages"}],"about":[{"href":"http:\/\/amiens-sociologie.fr\/index.php\/wp-json\/wp\/v2\/types\/page"}],"author":[{"embeddable":true,"href":"http:\/\/amiens-sociologie.fr\/index.php\/wp-json\/wp\/v2\/users\/1"}],"replies":[{"embeddable":true,"href":"http:\/\/amiens-sociologie.fr\/index.php\/wp-json\/wp\/v2\/comments?post=90"}],"version-history":[{"count":4,"href":"http:\/\/amiens-sociologie.fr\/index.php\/wp-json\/wp\/v2\/pages\/90\/revisions"}],"predecessor-version":[{"id":1499,"href":"http:\/\/amiens-sociologie.fr\/index.php\/wp-json\/wp\/v2\/pages\/90\/revisions\/1499"}],"wp:attachment":[{"href":"http:\/\/amiens-sociologie.fr\/index.php\/wp-json\/wp\/v2\/media?parent=90"}],"curies":[{"name":"wp","href":"https:\/\/api.w.org\/{rel}","templated":true}]}}