{"id":873,"date":"2018-07-22T10:07:06","date_gmt":"2018-07-22T09:07:06","guid":{"rendered":"http:\/\/amiens-sociologie.fr\/?page_id=873"},"modified":"2018-09-12T19:47:17","modified_gmt":"2018-09-12T18:47:17","slug":"david-italie-padoue","status":"publish","type":"page","link":"http:\/\/amiens-sociologie.fr\/index.php\/david-italie-padoue\/","title":{"rendered":"David &#8211; Italie &#8211; Universit\u00e9 de Padoue"},"content":{"rendered":"<p>Je suis parti en Italie, dans la ville de Padoue pour les semestres 3 et 4 de ma licence 2 lors de l&#8217;ann\u00e9e 2015-2016. J&#8217;avais bien envie de profiter de cette opportunit\u00e9 qui m&#8217;\u00e9tait donn\u00e9e d&#8217;\u00e9tudier \u00e0 l&#8217;\u00e9tranger.<\/p>\n<p><strong>Mon choix de partir<\/strong><\/p>\n<p>L&#8217;id\u00e9e de partir m&#8217;est venue lors de la pr\u00e9-rentr\u00e9e de Licence 1 o\u00f9 nous avons pu entendre plusieurs t\u00e9moignages d&#8217;\u00e9tudiants de SHS partis \u00e0 l&#8217;\u00e9tranger. Je me suis rendu \u00e0 la DAI (Direction des Affaires Internationales), courant octobre, pour demander des informations et pour conna\u00eetre les partenariats entre l&#8217;UPJV et les universit\u00e9s Europ\u00e9ennes. J&#8217;ai un peu h\u00e9sit\u00e9 pour finalement choisir l&#8217;Italie. Les partenariats proposent des mobilit\u00e9s de 3, 6 et 9 mois. Je voulais partir toute l&#8217;ann\u00e9e pour avoir le temps de m&#8217;int\u00e9grer et de ma\u00eetriser la langue. Une fois l&#8217;universit\u00e9 d&#8217;accueil choisie il faut s&#8217;occuper de l&#8217;administratif et \u00eatre bien attentif aux dates butoirs, c&#8217;est un peu prenant mais les coordinateurs aident bien (il ne faut pas h\u00e9siter \u00e0 poser des questions au moindre doute!) .<\/p>\n<p><strong>Mon choix des cours<\/strong><\/p>\n<p>Autre \u00e9tape\u00a0: le choix des cours. C&#8217;est un peu d\u00e9licat car je ne savais rien du contenu des cours et je ne comprenais pas le syst\u00e8me Italien. J&#8217;ai pris le parti de choisir l&#8217;int\u00e9gralit\u00e9 de l&#8217;offre p\u00e9dagogique de la licence 2 de sociologie de l&#8217;universit\u00e9 de Padoue, ce qui m&#8217;a permis d&#8217;\u00eatre en cours avec une seule promotion. C&#8217;est vraiment un plus car je me suis tr\u00e8s bien int\u00e9gr\u00e9.<\/p>\n<p><strong>Apprendre une langue \u00e9trang\u00e8re<\/strong><\/p>\n<p>Pour la langue c&#8217;est une autre paire de manches, c&#8217;est d&#8217;ailleurs par peur de la barri\u00e8re de la langue que beaucoup d&#8217;\u00e9tudiants ne partent pas. Il faut fournir un certificat de niveau A2 (niveau tr\u00e8s basique) pour pouvoir partir. Je n&#8217;avais jamais pris de cours d&#8217;Italien, je suis donc parti travailler au mois d&#8217;ao\u00fbt en Italie pour apprendre les bases, \u00e7a a bien fonctionn\u00e9 et j&#8217;ai pu fournir le certificat en temps voulu. La langue vient tr\u00e8s vite en immersion totale et avec l&#8217;appui d&#8217;un bon livre de grammaire. J&#8217;ai pu valider mon niveau C2 \u00e0 mon retour d&#8217;Italie.<\/p>\n<p><img loading=\"lazy\" class=\"size-medium wp-image-874 aligncenter\" src=\"http:\/\/amiens-sociologie.fr\/wp-content\/uploads\/2018\/07\/photo-1-300x200.jpg\" alt=\"\" width=\"300\" height=\"200\" srcset=\"http:\/\/amiens-sociologie.fr\/wp-content\/uploads\/2018\/07\/photo-1-300x200.jpg 300w, http:\/\/amiens-sociologie.fr\/wp-content\/uploads\/2018\/07\/photo-1-768x512.jpg 768w, http:\/\/amiens-sociologie.fr\/wp-content\/uploads\/2018\/07\/photo-1-1024x683.jpg 1024w, http:\/\/amiens-sociologie.fr\/wp-content\/uploads\/2018\/07\/photo-1.jpg 2048w\" sizes=\"(max-width: 300px) 100vw, 300px\" \/><\/p>\n<p><strong>Se loger<\/strong><\/p>\n<p>Pour me loger je suis all\u00e9 en r\u00e9sidence universitaire au premier semestre, puis j&#8217;ai pris une collocation pour le second. La r\u00e9sidence \u00e9tait excentr\u00e9e et me co\u00fbtait 275 euros par mois, de plus je ne pouvais accueillir personne dans ma chambre. La collocation me co\u00fbtait 180 euros par mois (plus charges) et \u00e9tait en centre-ville, autant vous dire que c&#8217;\u00e9tait une lib\u00e9ration\u00a0! De plus la colloc&#8217; permet de vivre avec des nationaux, \u00e7a m&#8217;a \u00e9norm\u00e9ment aid\u00e9 pour la langue.<\/p>\n<p><strong>Se d\u00e9placer<\/strong><\/p>\n<p>Pour me d\u00e9placer en ville j&#8217;utilisais le v\u00e9lo car il pleut rarement l\u00e0-bas et que Padoue est une des villes les plus cyclables d&#8217;Italie, il y avait parfois des bouchons de v\u00e9lo\u00a0! (Petit conseil\u00a0: munissez vous d&#8217;un antivol s\u00e9rieux, car dans les villes cyclables le v\u00e9lo vol\u00e9 est un v\u00e9ritable march\u00e9 !) . Hors de la ville je me d\u00e9pla\u00e7ais en train. Le train de nuit Paris-Padoue co\u00fbte 35 euros si on prend les billets \u00e0 l&#8217;avance et le train en Italie est un peu moins cher qu&#8217;en France.<\/p>\n<p><img loading=\"lazy\" class=\"size-medium wp-image-876 aligncenter\" src=\"http:\/\/amiens-sociologie.fr\/wp-content\/uploads\/2018\/07\/photo-3-300x194.jpg\" alt=\"\" width=\"300\" height=\"194\" srcset=\"http:\/\/amiens-sociologie.fr\/wp-content\/uploads\/2018\/07\/photo-3-300x194.jpg 300w, http:\/\/amiens-sociologie.fr\/wp-content\/uploads\/2018\/07\/photo-3-768x497.jpg 768w, http:\/\/amiens-sociologie.fr\/wp-content\/uploads\/2018\/07\/photo-3-1024x662.jpg 1024w, http:\/\/amiens-sociologie.fr\/wp-content\/uploads\/2018\/07\/photo-3.jpg 1200w\" sizes=\"(max-width: 300px) 100vw, 300px\" \/><\/p>\n<p><strong>Ressources-d\u00e9penses<\/strong><\/p>\n<p>Dans le nord de l&#8217;Italie le niveau de vie est \u00e9lev\u00e9. Les prix sont assez similaires \u00e0 la France pour la nourriture (d\u00e9licieuse par ailleurs) , le bus, les v\u00eatements, les bars. Je d\u00e9pensais environ 500 euros par mois. En termes de revenus, je b\u00e9n\u00e9ficiais de ma bourse d&#8217;\u00e9tude normale plus d&#8217;une bourse Erasmus de 250 euros par mois, je n&#8217;ai donc eu aucun probl\u00e8me.<\/p>\n<p><img loading=\"lazy\" class=\"alignnone size-medium wp-image-877\" src=\"http:\/\/amiens-sociologie.fr\/wp-content\/uploads\/2018\/07\/photo-4-300x200.jpg\" alt=\"\" width=\"300\" height=\"200\" srcset=\"http:\/\/amiens-sociologie.fr\/wp-content\/uploads\/2018\/07\/photo-4-300x200.jpg 300w, http:\/\/amiens-sociologie.fr\/wp-content\/uploads\/2018\/07\/photo-4-768x512.jpg 768w, http:\/\/amiens-sociologie.fr\/wp-content\/uploads\/2018\/07\/photo-4-1024x683.jpg 1024w\" sizes=\"(max-width: 300px) 100vw, 300px\" \/><\/p>\n<p><strong>Vous h\u00e9sitez encore \u00e0 partir\u00a0?!<\/strong><\/p>\n<p>Mon s\u00e9jour d&#8217;\u00e9tude a vraiment \u00e9t\u00e9 extraordinaire et je vous exhorte \u00e0 tenter l&#8217;aventure\u00a0! Padoue est une magnifique ville de la r\u00e9gion V\u00e9n\u00e9tie, situ\u00e9e \u00e0 quelques kilom\u00e8tres de Venise. L&#8217;Universit\u00e9 de Padoue est l&#8217;une des plus vieilles du monde et elle est encore assez prestigieuse, j&#8217;avais cours dans de magnifiques b\u00e2timents d&#8217;\u00e9poque. J&#8217;ai eu l&#8217;opportunit\u00e9 de faire beaucoup de choses\u00a0; je me suis int\u00e9gr\u00e9 dans l&#8217;\u00e9quipe de bateau dragon de l&#8217;universit\u00e9, j&#8217;ai travaill\u00e9 \u00e0 Venise trois semaines entre les deux semestres (les semestres sont plus espac\u00e9s en Italie), j&#8217;ai rencontr\u00e9 d&#8217;excellents professeurs et bien d&#8217;autres choses encore\u00a0!<\/p>\n<p><img loading=\"lazy\" class=\"size-medium wp-image-875 aligncenter\" src=\"http:\/\/amiens-sociologie.fr\/wp-content\/uploads\/2018\/07\/photo-2-300x200.jpg\" alt=\"\" width=\"300\" height=\"200\" srcset=\"http:\/\/amiens-sociologie.fr\/wp-content\/uploads\/2018\/07\/photo-2-300x200.jpg 300w, http:\/\/amiens-sociologie.fr\/wp-content\/uploads\/2018\/07\/photo-2-768x512.jpg 768w, http:\/\/amiens-sociologie.fr\/wp-content\/uploads\/2018\/07\/photo-2-1024x683.jpg 1024w\" sizes=\"(max-width: 300px) 100vw, 300px\" \/><\/p>\n<p>&nbsp;<\/p>\n","protected":false},"excerpt":{"rendered":"<p>Je suis parti en Italie, dans la ville de Padoue pour les semestres 3 et 4 de ma licence 2 lors de l&#8217;ann\u00e9e 2015-2016. J&#8217;avais bien envie de profiter de cette opportunit\u00e9 qui m&#8217;\u00e9tait donn\u00e9e d&#8217;\u00e9tudier \u00e0 l&#8217;\u00e9tranger. Mon choix de partir L&#8217;id\u00e9e de partir m&#8217;est venue lors de la pr\u00e9-rentr\u00e9e de Licence 1 o\u00f9 &#8230; <a title=\"David &#8211; Italie &#8211; Universit\u00e9 de Padoue\" class=\"read-more\" href=\"http:\/\/amiens-sociologie.fr\/index.php\/david-italie-padoue\/\">Read more<span class=\"screen-reader-text\">David &#8211; Italie &#8211; Universit\u00e9 de Padoue<\/span><\/a><\/p>\n","protected":false},"author":13,"featured_media":0,"parent":0,"menu_order":0,"comment_status":"closed","ping_status":"closed","template":"","meta":[],"_links":{"self":[{"href":"http:\/\/amiens-sociologie.fr\/index.php\/wp-json\/wp\/v2\/pages\/873"}],"collection":[{"href":"http:\/\/amiens-sociologie.fr\/index.php\/wp-json\/wp\/v2\/pages"}],"about":[{"href":"http:\/\/amiens-sociologie.fr\/index.php\/wp-json\/wp\/v2\/types\/page"}],"author":[{"embeddable":true,"href":"http:\/\/amiens-sociologie.fr\/index.php\/wp-json\/wp\/v2\/users\/13"}],"replies":[{"embeddable":true,"href":"http:\/\/amiens-sociologie.fr\/index.php\/wp-json\/wp\/v2\/comments?post=873"}],"version-history":[{"count":5,"href":"http:\/\/amiens-sociologie.fr\/index.php\/wp-json\/wp\/v2\/pages\/873\/revisions"}],"predecessor-version":[{"id":980,"href":"http:\/\/amiens-sociologie.fr\/index.php\/wp-json\/wp\/v2\/pages\/873\/revisions\/980"}],"wp:attachment":[{"href":"http:\/\/amiens-sociologie.fr\/index.php\/wp-json\/wp\/v2\/media?parent=873"}],"curies":[{"name":"wp","href":"https:\/\/api.w.org\/{rel}","templated":true}]}}