{"id":86,"date":"2017-10-03T15:47:58","date_gmt":"2017-10-03T14:47:58","guid":{"rendered":"http:\/\/amiens-sociologie.fr\/?page_id=86"},"modified":"2022-10-09T18:30:18","modified_gmt":"2022-10-09T17:30:18","slug":"isabelle-charpentier","status":"publish","type":"page","link":"http:\/\/amiens-sociologie.fr\/index.php\/isabelle-charpentier\/","title":{"rendered":"Isabelle Charpentier"},"content":{"rendered":"<p><img loading=\"lazy\" class=\"alignnone size-medium wp-image-487\" src=\"http:\/\/amiens-sociologie.fr\/wp-content\/uploads\/2017\/10\/Isabelle-Charpentier-Notice-300x225.jpg\" alt=\"\" width=\"300\" height=\"225\" srcset=\"http:\/\/amiens-sociologie.fr\/wp-content\/uploads\/2017\/10\/Isabelle-Charpentier-Notice-300x225.jpg 300w, http:\/\/amiens-sociologie.fr\/wp-content\/uploads\/2017\/10\/Isabelle-Charpentier-Notice-768x576.jpg 768w, http:\/\/amiens-sociologie.fr\/wp-content\/uploads\/2017\/10\/Isabelle-Charpentier-Notice-1024x768.jpg 1024w, http:\/\/amiens-sociologie.fr\/wp-content\/uploads\/2017\/10\/Isabelle-Charpentier-Notice-678x509.jpg 678w, http:\/\/amiens-sociologie.fr\/wp-content\/uploads\/2017\/10\/Isabelle-Charpentier-Notice-326x245.jpg 326w, http:\/\/amiens-sociologie.fr\/wp-content\/uploads\/2017\/10\/Isabelle-Charpentier-Notice-80x60.jpg 80w\" sizes=\"(max-width: 300px) 100vw, 300px\" \/><\/p>\n<p><span style=\"color: #800080;\"><b>Sociologue &amp; politiste, Professeure des Universit\u00e9s en Sociologie<\/b><\/span><\/p>\n<p><b><i>La Citadelle &#8211; Bureau H109<br \/>\n<\/i><\/b><\/p>\n<p><b>M\u00e9l<\/b>.\u00a0: <a href=\"mailto:icharpentier@yahoo.fr\">icharpentier@yahoo.fr<\/a> ou isabelle.charpentier@u-picardie.fr<\/p>\n<p><b>Pas de permanence, <\/b>RDV uniquement, par mail<\/p>\n<p><strong>Adresse professionnelle<\/strong> : UPJV &#8211; UFR SHSP &#8211; La Citadelle d&#8217;Amiens &#8211; 10 rue des Fran\u00e7ais Libres &#8211; 80080 AMIENS<\/p>\n<p><span style=\"font-weight: 400;\"><strong>Responsable p\u00e9dagogique de la L3 Sciences sociales, parcours Sociologie<\/strong><\/span><\/p>\n<p><span style=\"font-weight: 400;\">Depuis 2014 : <\/span><b>Chercheure au CURAPP-ESS (Centre Universitaire de Recherches sur l\u2019Action publique &amp; le Politique, \u00c9pist\u00e9mologie &amp; Sciences Sociales) (UMR 7319) (UPJV) : <\/b><span style=\"font-weight: 400;\">https:\/\/www.u-picardie.fr\/curapp\/fr\/node\/216<\/span><\/p>\n<p><span style=\"font-weight: 400;\">Depuis 2001 : <\/span><b><\/b><strong>Chercheure associ\u00e9e au CESSP-<\/strong><strong>CSE (<\/strong><strong>Centre Europ\u00e9en de Sociologie et de Science Politique de la Sorbonne<\/strong> <strong>&amp; Centre de Sociologie Europ\u00e9enne) <\/strong><strong>(UMR 8209) (Universit\u00e9 de Paris 1-Panth\u00e9on-Sorbonne \u2013 EHESS \u2013 CNRS) <\/strong><span style=\"font-weight: 400;\">: <\/span><i><span style=\"font-weight: 400;\">cse.ehess.fr\/<\/span><\/i><span style=\"font-weight: 400;\">\u00a0 et\u00a0\u00a0 http:\/\/www.cessp.cnrs.fr\/<\/span><\/p>\n<p><strong>Repr\u00e9sentante suppl\u00e9ante \u00e9lue du CURAPP-ESS au Conseil de l&#8217;\u00c9cole Doctorale en SHS (UPJV)<\/strong><\/p>\n<p><span style=\"font-weight: 400;\">Depuis 2012 <\/span><b>: Membre du Comit\u00e9 de r\u00e9daction <\/b><span style=\"font-weight: 400;\">de la revue<\/span> <b><i>Politiques de communication<\/i><\/b> <span style=\"font-weight: 400;\">(Presses Universitaires de Grenoble (PUG) \u2013 Responsable \u00e9ditorial\u00a0: St\u00e9phane Olivesi)<\/span><\/p>\n<h2><\/h2>\n<h2><span style=\"color: #000080;\"><b>DOMAINES DE RECHERCHES (Mots clefs)<\/b><\/span><\/h2>\n<ul>\n<li style=\"font-weight: 400;\"><span style=\"font-weight: 400;\">Sociologie des produits et des producteurs culturels<br \/>\n<\/span><\/li>\n<li style=\"font-weight: 400;\"><span style=\"font-weight: 400;\">Sociologie de la litt\u00e9rature (Annie Ernaux, Maghreb, femmes, jeunesse)<\/span><\/li>\n<li style=\"font-weight: 400;\"><span style=\"font-weight: 400;\">Sociologie de la r\u00e9ception des produits culturels et m\u00e9diatiques<\/span><\/li>\n<li style=\"font-weight: 400;\"><span style=\"font-weight: 400;\">Sociologie de la culture, sociologie des pratiques culturelles (lecture, \u00e9criture, femmes, jeunes, milieux populaires, mobiles sociaux ascendants)<\/span><\/li>\n<li style=\"font-weight: 400;\"><span style=\"font-weight: 400;\">Sociologie du genre &amp; des rapports sociaux de sexes (champ culturel)<\/span><\/li>\n<li style=\"font-weight: 400;\"><span style=\"font-weight: 400;\">Sociologie de la sexualit\u00e9 (produits culturels et m\u00e9diatiques)<\/span><\/li>\n<li style=\"font-weight: 400;\"><span style=\"font-weight: 400;\">Politisation, formation des opinions politiques, rapports au vote (mobiles sociaux, milieux populaires), pratiques populaires du politique<\/span><\/li>\n<li style=\"font-weight: 400;\"><span style=\"font-weight: 400;\">Politiques publiques (lecture)<\/span><\/li>\n<\/ul>\n<h2><span style=\"color: #000080;\"><b>Enseignements (cours &amp; travaux dirig\u00e9s) 2022-2023<\/b><\/span><\/h2>\n<h3><span style=\"color: #008080;\"><b>* L1<\/b><\/span><\/h3>\n<p><b> <\/b> * CM de <strong>Introduction aux Sciences Sociales<\/strong> (20 h) &#8211; DU Tremplin SHS<b><br \/>\n<\/b><\/p>\n<h3><b> <\/b><span style=\"color: #008080;\"><b>* L2 &amp; L3<\/b><\/span><\/h3>\n<ul>\n<li style=\"font-weight: 400;\"><span style=\"font-weight: 400;\">CM semestriel de <\/span><b>Auteurs &amp; courants fondamentaux 2 : Durkheim<\/b><span style=\"font-weight: 400;\"> (18 h) \u2013 L2S4 Sciences sociales<br \/>\n<\/span><\/li>\n<li style=\"font-weight: 400;\"><span style=\"font-weight: 400;\">CM semestriel de <\/span><b>Sociologie politique<\/b><span style=\"font-weight: 400;\"> (24 h) \u2013 L2S3 Sciences sociales<br \/>\n<\/span><\/li>\n<li>CM semestriel de <b>Auteurs contemporains <\/b>(18 h) \u2013 L3S6 Sciences sociales<\/li>\n<li>CM\/TD semestriel de <b>Sociologie de l&#8217;action collective<\/b> (avec Pascal Depoorter) (18 h) \u2013 L3S6 Sciences sociales<\/li>\n<li>CM semestriel de <b>Sociologie des rapports de classe &#8211; Sociologie des classes moyennes &amp; des classes sup\u00e9rieures <\/b>(avec Pascal Depoorter) (12 h) \u2013 L3S6 Sciences sociales<\/li>\n<li style=\"font-weight: 400;\">CM\/TD semestriel de <strong>Sociologie des publics du livre et des biblioth\u00e8ques<\/strong> (15 h) &#8211; L3 Pro M\u00e9tiers du livre et des biblioth\u00e8ques (UFR des Lettres)<\/li>\n<\/ul>\n<h3 style=\"text-align: left;\"><b>\u00a0\u00a0\u00a0\u00a0\u00a0\u00a0\u00a0\u00a0\u00a0\u00a0\u00a0\u00a0\u00a0\u00a0\u00a0\u00a0\u00a0\u00a0\u00a0\u00a0\u00a0\u00a0\u00a0\u00a0\u00a0\u00a0\u00a0\u00a0\u00a0\u00a0\u00a0\u00a0\u00a0\u00a0 <\/b><span style=\"color: #008080;\"><b>* Masters 1 &amp; 2, Pro &amp; Recherche<\/b><\/span><\/h3>\n<ul>\n<li style=\"font-weight: 400;\"><span style=\"font-weight: 400;\">CM semestriel de <\/span><b>In\u00e9galit\u00e9s sociales, genre, dominations &amp; politique<\/b><span style=\"font-weight: 400;\"> (22 h) \u2013 M1S2 Sciences sociales<br \/>\n<\/span><\/li>\n<li>CM semestriel de <b>Sociologie de la culture<\/b> (11 h) \u2013 M1S2 Sciences sociales<\/li>\n<li style=\"font-weight: 400;\"><span style=\"font-weight: 400;\">CM semestriel de <\/span><b>Sociologie de la r\u00e9ception et des publics<\/b><span style=\"font-weight: 400;\"> (dans UEP EC3. Offres culturelles \u2013 Arts, territoires et publics) (24 h) \u2013 M2S3 CPIN<br \/>\n<\/span><\/li>\n<li style=\"font-weight: 400;\"><span style=\"font-weight: 400;\">CM semestriel de <\/span><b>Ecritures, images, textes<\/b><span style=\"font-weight: 400;\"> (12 h) \u2013 M2S3 Recherche PTS<\/span><\/li>\n<li>CM semestriel de <strong>Questions de sciences sociales<\/strong> <strong>: Introduction \u00e0 la sociologie des m\u00e9dias<\/strong> (12 h) &#8211; M2S3 Recherche PTS<\/li>\n<\/ul>\n<h3><b><span style=\"color: #008080;\">* Doctorat &#8211; Unit\u00e9s de formation doctorale<\/span><br \/>\n<\/b><\/h3>\n<ul>\n<li>Module <strong>R\u00e9aliser, retranscrire et analyser un entretien en sciences sociales<\/strong> (10 h)<\/li>\n<li>Module <strong>L&#8217;\u00e9criture en sciences sociales<\/strong> (18 h)<\/li>\n<li>Module <strong>Le questionnaire en sciences sociales<\/strong> (6 h)<\/li>\n<li>Module <strong>Observation et enqu\u00eate ethnographique en sciences sociales<\/strong> (14 h)<\/li>\n<\/ul>\n<p>Tous les documents relatifs aux cours sont sur les pages Moodle correspondantes. Elles sont accessibles aux \u00e9tudiant-es inscrit-es p\u00e9dagogiquement.<\/p>\n<h2><span style=\"color: #000080;\"><b>TRAVAUX &amp; PUBLICATIONS<\/b><\/span><\/h2>\n<p><span style=\"color: #800080;\">Voir la page personnelle d&#8217;Isabelle Charpentier sur le site du CURAPP-ESS : https:\/\/www.u-picardie.fr\/curapp\/index.php\/page-perso-isacha\/<\/span><\/p>\n<h3><b>\u00a0<\/b><\/h3>\n","protected":false},"excerpt":{"rendered":"<p>Sociologue &amp; politiste, Professeure des Universit\u00e9s en Sociologie La Citadelle &#8211; Bureau H109 M\u00e9l.\u00a0: icharpentier@yahoo.fr ou isabelle.charpentier@u-picardie.fr Pas de permanence, RDV uniquement, par mail Adresse professionnelle : UPJV &#8211; UFR SHSP &#8211; La Citadelle d&#8217;Amiens &#8211; 10 rue des Fran\u00e7ais Libres &#8211; 80080 AMIENS Responsable p\u00e9dagogique de la L3 Sciences sociales, parcours Sociologie Depuis 2014 &#8230; <a title=\"Isabelle Charpentier\" class=\"read-more\" href=\"http:\/\/amiens-sociologie.fr\/index.php\/isabelle-charpentier\/\">Read more<span class=\"screen-reader-text\">Isabelle Charpentier<\/span><\/a><\/p>\n","protected":false},"author":1,"featured_media":0,"parent":0,"menu_order":0,"comment_status":"closed","ping_status":"closed","template":"","meta":[],"_links":{"self":[{"href":"http:\/\/amiens-sociologie.fr\/index.php\/wp-json\/wp\/v2\/pages\/86"}],"collection":[{"href":"http:\/\/amiens-sociologie.fr\/index.php\/wp-json\/wp\/v2\/pages"}],"about":[{"href":"http:\/\/amiens-sociologie.fr\/index.php\/wp-json\/wp\/v2\/types\/page"}],"author":[{"embeddable":true,"href":"http:\/\/amiens-sociologie.fr\/index.php\/wp-json\/wp\/v2\/users\/1"}],"replies":[{"embeddable":true,"href":"http:\/\/amiens-sociologie.fr\/index.php\/wp-json\/wp\/v2\/comments?post=86"}],"version-history":[{"count":14,"href":"http:\/\/amiens-sociologie.fr\/index.php\/wp-json\/wp\/v2\/pages\/86\/revisions"}],"predecessor-version":[{"id":2974,"href":"http:\/\/amiens-sociologie.fr\/index.php\/wp-json\/wp\/v2\/pages\/86\/revisions\/2974"}],"wp:attachment":[{"href":"http:\/\/amiens-sociologie.fr\/index.php\/wp-json\/wp\/v2\/media?parent=86"}],"curies":[{"name":"wp","href":"https:\/\/api.w.org\/{rel}","templated":true}]}}