{"id":82,"date":"2017-10-03T15:47:29","date_gmt":"2017-10-03T14:47:29","guid":{"rendered":"http:\/\/amiens-sociologie.fr\/?page_id=82"},"modified":"2019-09-21T18:10:05","modified_gmt":"2019-09-21T17:10:05","slug":"nehara-feldman","status":"publish","type":"page","link":"http:\/\/amiens-sociologie.fr\/index.php\/nehara-feldman\/","title":{"rendered":"Nehara Feldman"},"content":{"rendered":"\n<h4><strong>Ma\u00eetresse de conf\u00e9rences<\/strong><\/h4>\n\n\n\n<p>Bureau H102<\/p>\n\n\n\n<h4><strong><em>Responsabilit\u00e9s p\u00e9dagogiques<\/em> : <\/strong><\/h4>\n\n\n\n<p><strong>Responsable d&#8217;ann\u00e9e de L1<\/strong><\/p>\n\n\n\n<p><strong>Directrice des Etudes de L1<\/strong><\/p>\n\n\n\n<p><strong><em>Permanence<\/em><\/strong> : sur rendez-vous. <\/p>\n\n\n\n<p><strong><em>Domaines de recherche<\/em><\/strong> : genre ; migrations (Mali, France, Maroc) ; relations interethniques, Afrique subsaharienne. <\/p>\n\n\n\n<p><strong><em>Contact<\/em><\/strong> : nehara.feldman[at]u-picardie.fr<\/p>\n","protected":false},"excerpt":{"rendered":"<p>Ma\u00eetresse de conf\u00e9rences Bureau H102 Responsabilit\u00e9s p\u00e9dagogiques : Responsable d&#8217;ann\u00e9e de L1 Directrice des Etudes de L1 Permanence : sur rendez-vous. Domaines de recherche : genre ; migrations (Mali, France, Maroc) ; relations interethniques, Afrique subsaharienne. Contact : nehara.feldman[at]u-picardie.fr<\/p>\n","protected":false},"author":1,"featured_media":0,"parent":0,"menu_order":0,"comment_status":"closed","ping_status":"closed","template":"","meta":[],"_links":{"self":[{"href":"http:\/\/amiens-sociologie.fr\/index.php\/wp-json\/wp\/v2\/pages\/82"}],"collection":[{"href":"http:\/\/amiens-sociologie.fr\/index.php\/wp-json\/wp\/v2\/pages"}],"about":[{"href":"http:\/\/amiens-sociologie.fr\/index.php\/wp-json\/wp\/v2\/types\/page"}],"author":[{"embeddable":true,"href":"http:\/\/amiens-sociologie.fr\/index.php\/wp-json\/wp\/v2\/users\/1"}],"replies":[{"embeddable":true,"href":"http:\/\/amiens-sociologie.fr\/index.php\/wp-json\/wp\/v2\/comments?post=82"}],"version-history":[{"count":6,"href":"http:\/\/amiens-sociologie.fr\/index.php\/wp-json\/wp\/v2\/pages\/82\/revisions"}],"predecessor-version":[{"id":1507,"href":"http:\/\/amiens-sociologie.fr\/index.php\/wp-json\/wp\/v2\/pages\/82\/revisions\/1507"}],"wp:attachment":[{"href":"http:\/\/amiens-sociologie.fr\/index.php\/wp-json\/wp\/v2\/media?parent=82"}],"curies":[{"name":"wp","href":"https:\/\/api.w.org\/{rel}","templated":true}]}}