{"id":743,"date":"2018-03-29T15:33:09","date_gmt":"2018-03-29T14:33:09","guid":{"rendered":"http:\/\/amiens-sociologie.fr\/?page_id=743"},"modified":"2019-09-21T18:15:12","modified_gmt":"2019-09-21T17:15:12","slug":"virginie-descoutures","status":"publish","type":"page","link":"http:\/\/amiens-sociologie.fr\/index.php\/virginie-descoutures\/","title":{"rendered":"Virginie Descoutures"},"content":{"rendered":"<h4><strong>Ma\u00eetresse de conf\u00e9rences en sociologie<\/strong><\/h4>\n<p>Bureau H109<\/p>\n<h4><strong><em>Responsabilit\u00e9s p\u00e9dagogiques<\/em> : <\/strong><\/h4>\n<h4><strong>Co-responsable du dipl\u00f4me de licence en Sciences Sociales <\/strong>(avec Vanina Bout\u00e9)<\/h4>\n<h4><strong>Responsable d&#8217;ann\u00e9e de Licence 2<\/strong><\/h4>\n<h4><strong>Co-responsable des Relations Internationales (programmes de mobilit\u00e9) <\/strong>(avec Laure Hadj)<strong><br \/>\n<\/strong><\/h4>\n<p><em><strong>Permanence<\/strong><\/em> : mercredi et sur rendez-vous.<\/p>\n<p><em><strong>Domaines de recherche<\/strong><\/em> : sociologie du genre et de la sexualit\u00e9, sociologie de la famille et de la vie priv\u00e9e, politiques publiques de la famille, politiques publiques du genre, usages sociaux du droit, m\u00e9thodes de recherche (analyse de corpus, m\u00e9thodes qualitatives).<\/p>\n<p><em><strong>Contact<\/strong><\/em> : virginie.descoutures[at]u-picardie.fr<\/p>\n","protected":false},"excerpt":{"rendered":"<p>Ma\u00eetresse de conf\u00e9rences en sociologie Bureau H109 Responsabilit\u00e9s p\u00e9dagogiques : Co-responsable du dipl\u00f4me de licence en Sciences Sociales (avec Vanina Bout\u00e9) Responsable d&#8217;ann\u00e9e de Licence 2 Co-responsable des Relations Internationales (programmes de mobilit\u00e9) (avec Laure Hadj) Permanence : mercredi et sur rendez-vous. Domaines de recherche : sociologie du genre et de la sexualit\u00e9, sociologie de &#8230; <a title=\"Virginie Descoutures\" class=\"read-more\" href=\"http:\/\/amiens-sociologie.fr\/index.php\/virginie-descoutures\/\">Read more<span class=\"screen-reader-text\">Virginie Descoutures<\/span><\/a><\/p>\n","protected":false},"author":1,"featured_media":0,"parent":0,"menu_order":0,"comment_status":"closed","ping_status":"closed","template":"","meta":[],"_links":{"self":[{"href":"http:\/\/amiens-sociologie.fr\/index.php\/wp-json\/wp\/v2\/pages\/743"}],"collection":[{"href":"http:\/\/amiens-sociologie.fr\/index.php\/wp-json\/wp\/v2\/pages"}],"about":[{"href":"http:\/\/amiens-sociologie.fr\/index.php\/wp-json\/wp\/v2\/types\/page"}],"author":[{"embeddable":true,"href":"http:\/\/amiens-sociologie.fr\/index.php\/wp-json\/wp\/v2\/users\/1"}],"replies":[{"embeddable":true,"href":"http:\/\/amiens-sociologie.fr\/index.php\/wp-json\/wp\/v2\/comments?post=743"}],"version-history":[{"count":7,"href":"http:\/\/amiens-sociologie.fr\/index.php\/wp-json\/wp\/v2\/pages\/743\/revisions"}],"predecessor-version":[{"id":1513,"href":"http:\/\/amiens-sociologie.fr\/index.php\/wp-json\/wp\/v2\/pages\/743\/revisions\/1513"}],"wp:attachment":[{"href":"http:\/\/amiens-sociologie.fr\/index.php\/wp-json\/wp\/v2\/media?parent=743"}],"curies":[{"name":"wp","href":"https:\/\/api.w.org\/{rel}","templated":true}]}}