{"id":593,"date":"2018-01-09T13:29:18","date_gmt":"2018-01-09T12:29:18","guid":{"rendered":"http:\/\/amiens-sociologie.fr\/?page_id=593"},"modified":"2025-03-25T09:08:33","modified_gmt":"2025-03-25T08:08:33","slug":"sociologie-du-travail-2","status":"publish","type":"page","link":"http:\/\/amiens-sociologie.fr\/index.php\/fabrice-guilbaud\/sociologie-du-travail-2\/","title":{"rendered":"Sociologie du travail &#8211; L2. Semestre 4 &#8211; 2025 &#8211; Fabrice Guilbaud"},"content":{"rendered":"\n<div class=\"wp-block-group\"><div class=\"wp-block-group__inner-container\">\n<p>Le recueil de textes est r\u00e9parti en deux volumes (s\u00e9ances 1 \u00e0 6 Volume 1 ; s\u00e9ances 7 \u00e0 11, Volume 2), \u00e0 t\u00e9l\u00e9charger ici :<\/p>\n<p><a href=\"http:\/\/amiens-sociologie.fr\/wp-content\/uploads\/2025\/03\/RecueilSdT_Volum2_2025.pdf\">RecueilSdT_Volum2_2025<\/a><\/p>\n<p><a href=\"http:\/\/amiens-sociologie.fr\/wp-content\/uploads\/2025\/03\/RecueilSdT2025-Volume1.pdf\">RecueilSdT2025-Volume1<\/a><\/p>\n<p>Les plans de cours, bibliographies g\u00e9n\u00e9rales, sp\u00e9cifiques, ainsi que les <strong>questions sur les textes<\/strong> (<span style=\"text-decoration: underline;\">il faut les lire<\/span>!) sont inclus dans les premi\u00e8res pages de chaque volume .<\/p>\n<p>Rappel \u00e9valuation :\u00a0<\/p>\n<ul>\n<li>Note 1 : contr\u00f4le \u00e9crit (sorte de dissertation \/ questions g\u00e9n\u00e9rales sur le cours) : il aura lieu le <strong>MARDI 22 AVRIL de 11h \u00e0 13h<\/strong><br \/>Cette note = 50%<\/li>\n<li>Note 2: r\u00e9ponses aux questions sur les textes : les textes des le\u00e7ons 7, 8, 9, 10 et 11 sont dans le volume 2, il y 2 textes\/le\u00e7on. Vous pr\u00e9parez, apr\u00e8s avoir lu les 2 textes, les r\u00e9ponses (souvent 2 questions\/ texte, donc 4 questions). Je note \u00e0 chaque fois sur 20, ces 2 notes = 50%. Je donne la possibilit\u00e9 de noter une 3e pr\u00e9paration, dans ce cas, je retiens les 2 meilleures notes.<\/li>\n<li>Il faut m&#8217;envoyer les r\u00e9ponses par email dans un document PDF ou un document .doc\/.docx\/.odt. Longueur des r\u00e9ponses: maximum 1 page par question (au total maximum 4 pages)<\/li>\n<li>Note finale = note 1 (50%) + note 2 (50%)<\/li>\n<\/ul>\n<p>Voici les diaporamas des s\u00e9ances, certains diaporamas contiennent des liens vers d&#8217;autres ressources p\u00e9dagogiques :<\/p>\n<p><a href=\"http:\/\/amiens-sociologie.fr\/wp-content\/uploads\/2025\/03\/Seance1_SdT_Intro_L2_2025.ppt\">Seance1_SdT_Intro_L2_2025<\/a><\/p>\n<p><a href=\"http:\/\/amiens-sociologie.fr\/wp-content\/uploads\/2025\/03\/Seance2-GrandthemesSdT.pptx\">Seance2-GrandthemesSdT<\/a><\/p>\n<p><a href=\"http:\/\/amiens-sociologie.fr\/wp-content\/uploads\/2025\/03\/Seance3_GrandsThemes2_2025.ppt\">Seance3_GrandsThemes2_2025<\/a><\/p>\n<p><a href=\"http:\/\/amiens-sociologie.fr\/wp-content\/uploads\/2025\/03\/Seance4_Chomage_Chomeurs.ppt\">Seance4_Ch\u00f4mage_Ch\u00f4meurs<\/a><\/p>\n<p><a href=\"http:\/\/amiens-sociologie.fr\/wp-content\/uploads\/2025\/03\/Seance5_Precarite_Precaires.pptx\">Seance5_Pr\u00e9carit\u00e9_Pr\u00e9caires<\/a><\/p>\n<p><a href=\"http:\/\/amiens-sociologie.fr\/wp-content\/uploads\/2025\/03\/Seance6-SyndicalismeSdT.pptx\">Seance6-SyndicalismeSdT<\/a><\/p>\n<p><a href=\"http:\/\/amiens-sociologie.fr\/wp-content\/uploads\/2025\/03\/Seance7-ActionCollective.pptx\">Seance7-ActionCollective<\/a><\/p>\n<p><a href=\"http:\/\/amiens-sociologie.fr\/wp-content\/uploads\/2025\/03\/Seance8-SdT-Interim.pptx\">Seance8-SdT-Interim<\/a><\/p>\n<p><a href=\"http:\/\/amiens-sociologie.fr\/wp-content\/uploads\/2025\/03\/Seance9_Prison.pptx\">Seance9_Prison<\/a><\/p>\n<p><a href=\"http:\/\/amiens-sociologie.fr\/wp-content\/uploads\/2025\/03\/Seance10_TDetDomesticites.ppt\">Seance10_TDetDomesticites<\/a><\/p>\n<\/div><\/div>\n\n\n\n<p><\/p>\n","protected":false},"excerpt":{"rendered":"","protected":false},"author":1,"featured_media":0,"parent":79,"menu_order":0,"comment_status":"closed","ping_status":"closed","template":"","meta":[],"_links":{"self":[{"href":"http:\/\/amiens-sociologie.fr\/index.php\/wp-json\/wp\/v2\/pages\/593"}],"collection":[{"href":"http:\/\/amiens-sociologie.fr\/index.php\/wp-json\/wp\/v2\/pages"}],"about":[{"href":"http:\/\/amiens-sociologie.fr\/index.php\/wp-json\/wp\/v2\/types\/page"}],"author":[{"embeddable":true,"href":"http:\/\/amiens-sociologie.fr\/index.php\/wp-json\/wp\/v2\/users\/1"}],"replies":[{"embeddable":true,"href":"http:\/\/amiens-sociologie.fr\/index.php\/wp-json\/wp\/v2\/comments?post=593"}],"version-history":[{"count":22,"href":"http:\/\/amiens-sociologie.fr\/index.php\/wp-json\/wp\/v2\/pages\/593\/revisions"}],"predecessor-version":[{"id":3252,"href":"http:\/\/amiens-sociologie.fr\/index.php\/wp-json\/wp\/v2\/pages\/593\/revisions\/3252"}],"up":[{"embeddable":true,"href":"http:\/\/amiens-sociologie.fr\/index.php\/wp-json\/wp\/v2\/pages\/79"}],"wp:attachment":[{"href":"http:\/\/amiens-sociologie.fr\/index.php\/wp-json\/wp\/v2\/media?parent=593"}],"curies":[{"name":"wp","href":"https:\/\/api.w.org\/{rel}","templated":true}]}}