{"id":3282,"date":"2025-07-08T13:51:13","date_gmt":"2025-07-08T12:51:13","guid":{"rendered":"http:\/\/amiens-sociologie.fr\/?page_id=3282"},"modified":"2025-07-11T08:27:20","modified_gmt":"2025-07-11T07:27:20","slug":"gwendoline-torterat","status":"publish","type":"page","link":"http:\/\/amiens-sociologie.fr\/index.php\/gwendoline-torterat\/","title":{"rendered":"Gwendoline Torterat"},"content":{"rendered":"\n<p><em>Depuis 2024, Gwendoline Torterat enseigne l\u2019anthropologie au sein de l\u2019UFR SHSP de l\u2019universit\u00e9 Picardie Jules Verne, \u00e0 Amiens. Elle est membre de l\u2019<a href=\"https:\/\/www.u-picardie.fr\/habiterlemonde\/membre\/gwendoline-torterat\/\">UR 4287 Habiter le Monde<\/a> et membre associ\u00e9e de l\u2019<a href=\"https:\/\/umrtemps.cnrs.fr\/membre\/torterat-gwendoline\/\">UMR 8068 TEMPS, \u00e0 Nanterre<\/a>.<\/em><\/p>\n\n\n\n<p>Ses recherches portent sur les dynamiques du <strong>travail de recherche en arch\u00e9ologie<\/strong>, plus particuli\u00e8rement lorsqu\u2019il est question de la Pr\u00e9histoire et de l\u2019\u00e9tude des premi\u00e8res traces d\u2019activit\u00e9s humaine. Elles sont guid\u00e9es par les r\u00e9sultats d\u2019<strong>enqu\u00eates ethnographiques men\u00e9es sur des sites arch\u00e9ologiques plus ou moins menac\u00e9s de disparition<\/strong>. Ses recherches sont \u00e9galement consacr\u00e9es \u00e0 l\u2019\u00e9tude des syst\u00e8mes de valeurs qui d\u00e9coulent des travaux des arch\u00e9ologues et ce, sous l\u2019angle de leurs sp\u00e9cificit\u00e9s culturelles et politiques. Elles adoptent <strong>une approche par les controverses<\/strong> afin de montrer comment la notion de risque qui p\u00e8se particuli\u00e8rement sur le patrimoine de ces p\u00e9riodes anciennes r\u00e9clame une compr\u00e9hension fine et situ\u00e9e des jeux d\u2019acteurs sur la longue dur\u00e9e. Elles privil\u00e9gient par ailleurs une <strong>comparaison de diff\u00e9rents usages politiques du pass\u00e9 \u00e0 partir de terrains ethnographiques r\u00e9alis\u00e9s dans des contextes o\u00f9 l\u2019histoire des \u00ab premiers hommes \u00bb est un enjeu fort de r\u00e9appropriation et de pouvoir<\/strong>.<\/p>\n\n\n\n<p>Ses choix de terrain se tournent premi\u00e8rement vers l\u2019<strong>arch\u00e9ologie de la France<\/strong> o\u00f9 elle travaille sur ces questions depuis douze ans : l\u2019histoire de la Pr\u00e9histoire europ\u00e9enne s\u2019y est structur\u00e9e \u00e0 tous niveaux d\u00e8s les ann\u00e9es 1950, \u00e0 travers ses institutions publiques de recherche fondamentale et appliqu\u00e9e, ses chantiers-\u00e9cole, ses m\u00e9thodologies, etc. Ses choix de terrains se tournent deuxi\u00e8mement vers les recherches arch\u00e9ologiques ailleurs dans le monde, en particulier au <strong>Proche-Orient (Isra\u00ebl et Palestine)<\/strong>, sur les sites de fouille o\u00f9 sont d\u00e9couverts les plus anciennes traces d\u2019habitat pr\u00e9historiques au monde.<\/p>\n\n\n\n<p>Sa formation \u00e0 l\u2019universit\u00e9 Paris Nanterre dans le cadre du Master \u00ab Cin\u00e9ma anthropologique et documentaire \u00bb a \u00e9t\u00e9 d\u00e9cisive dans le d\u00e9veloppement de ses m\u00e9thodes d\u2019enqu\u00eate puisqu\u2019elle l\u2019a incit\u00e9 \u00e0 d\u00e9velopper des modes d\u2019observation et de description o\u00f9 l\u2019image filmique joue un r\u00f4le clef.<\/p>\n\n\n\n<p>Elle d\u00e9bute <strong>l\u2019\u00e9criture et la r\u00e9alisation de documentaires anthropologiques<\/strong> en 2021 avec <em>Madame Poulain<\/em> (21 mn) puis <em>Prendre l\u2019Air<\/em> (44 min) en 2023.<\/p>\n\n\n\n<p>_________________________________________________<\/p>\n\n\n\n<p><strong>Domaines de recherche :<\/strong> <em>Anthropologie du patrimoine et de ses institutions ; Anthropologie du travail, des savoirs et des techniques ; Anthropologie visuelle et documentaire ; Genre et mobilit\u00e9 dans les professions scientifiques ; Sciences participatives et Citoyennet\u00e9 ; Patrimoine arch\u00e9ologique et environnemental.<\/em><\/p>\n\n\n\n<p><strong>Contacts : <\/strong><\/p>\n\n\n\n<p>UFR de Sciences Humaines, Sociales et Philosophie<br>P\u00f4le Citadelle<br>10, rue des Fran\u00e7ais libres, 80080 Amiens<br><br><strong>Bureau H113<\/strong><br>Permanence sur rendez-vous :<br><a rel=\"noreferrer noopener\" href=\"mailto:gwendoline.torterat@u-picardie.fr\" target=\"_blank\">gwendoline.torterat@u-picardie.fr<\/a><br><\/p>\n\n\n\n<hr class=\"wp-block-separator\"\/>\n","protected":false},"excerpt":{"rendered":"<p>Depuis 2024, Gwendoline Torterat enseigne l\u2019anthropologie au sein de l\u2019UFR SHSP de l\u2019universit\u00e9 Picardie Jules Verne, \u00e0 Amiens. Elle est membre de l\u2019UR 4287 Habiter le Monde et membre associ\u00e9e de l\u2019UMR 8068 TEMPS, \u00e0 Nanterre. Ses recherches portent sur les dynamiques du travail de recherche en arch\u00e9ologie, plus particuli\u00e8rement lorsqu\u2019il est question de la &#8230; <a title=\"Gwendoline Torterat\" class=\"read-more\" href=\"http:\/\/amiens-sociologie.fr\/index.php\/gwendoline-torterat\/\">Read more<span class=\"screen-reader-text\">Gwendoline Torterat<\/span><\/a><\/p>\n","protected":false},"author":1,"featured_media":0,"parent":0,"menu_order":0,"comment_status":"closed","ping_status":"closed","template":"","meta":[],"_links":{"self":[{"href":"http:\/\/amiens-sociologie.fr\/index.php\/wp-json\/wp\/v2\/pages\/3282"}],"collection":[{"href":"http:\/\/amiens-sociologie.fr\/index.php\/wp-json\/wp\/v2\/pages"}],"about":[{"href":"http:\/\/amiens-sociologie.fr\/index.php\/wp-json\/wp\/v2\/types\/page"}],"author":[{"embeddable":true,"href":"http:\/\/amiens-sociologie.fr\/index.php\/wp-json\/wp\/v2\/users\/1"}],"replies":[{"embeddable":true,"href":"http:\/\/amiens-sociologie.fr\/index.php\/wp-json\/wp\/v2\/comments?post=3282"}],"version-history":[{"count":9,"href":"http:\/\/amiens-sociologie.fr\/index.php\/wp-json\/wp\/v2\/pages\/3282\/revisions"}],"predecessor-version":[{"id":3299,"href":"http:\/\/amiens-sociologie.fr\/index.php\/wp-json\/wp\/v2\/pages\/3282\/revisions\/3299"}],"wp:attachment":[{"href":"http:\/\/amiens-sociologie.fr\/index.php\/wp-json\/wp\/v2\/media?parent=3282"}],"curies":[{"name":"wp","href":"https:\/\/api.w.org\/{rel}","templated":true}]}}