{"id":285,"date":"2017-10-10T08:30:31","date_gmt":"2017-10-10T07:30:31","guid":{"rendered":"http:\/\/amiens-sociologie.fr\/?page_id=285"},"modified":"2020-09-21T08:12:03","modified_gmt":"2020-09-21T07:12:03","slug":"enquete-de-terrain-sociologique-td-l3s5-et-s6","status":"publish","type":"page","link":"http:\/\/amiens-sociologie.fr\/index.php\/enquete-de-terrain-sociologique-td-l3s5-et-s6\/","title":{"rendered":"Montage de projet collectif en sociologie &#038; Enqu\u00eate de terrain sociologique (TD, L3S5 et S6)"},"content":{"rendered":"<p><strong>TD Montage de projet collectif en sociologie &amp; Enqu\u00eate de terrain sociologique | parcours \u00ab Sociologie \u00bb (18h TD) &#8211; Semestres 5 &amp; 6<\/strong><\/p>\n<p><strong>Nicolas Brusadelli et Pascal Depoorter<br><\/strong><\/p>\n<p>Ce TD est consacr\u00e9 \u00e0 la r\u00e9alisation d\u2019une enqu\u00eate collective de terrain \u00ab grandeur nature \u00bb, r\u00e9alis\u00e9e sur plusieurs jours au semestre suivant, \u00e0 la fronti\u00e8re de la Somme et de la Seine Maritime, \u00e0 Gamache, commune de moins de 3000 habitants. Il s\u2019agira dans cette enqu\u00eate collective de produire une monographie du territoire, en s\u2019int\u00e9ressant \u00e0 la mani\u00e8re dont l\u2019histoire \u00e9conomique de la zone d\u2019emploi et celle de la r\u00e9organisation des services publics impactent la vie sociale locale (trajectoires individuelles et familiales, acc\u00e8s aux services, extension ou non du travail \u00ab&nbsp;\u00e0 c\u00f4t\u00e9&nbsp;\u00bb, politisation, etc.). Ce travail d\u2019\u00e9quipe est con\u00e7u comme un temps fort de formation, th\u00e9orique et pratique, \u00e0 la recherche de terrain. Il a pour objectif de familiariser les \u00e9tudiant-e-s avec la pratique sociologique concr\u00e8te, de favoriser leur apprentissage et leur exp\u00e9rimentation des diff\u00e9rentes techniques d\u2019enqu\u00eate et de d\u00e9velopper leurs capacit\u00e9s d\u2019adaptation \u00e0 un terrain donn\u00e9 et au travail en \u00e9quipe. Le premier semestre sera consacr\u00e9 aux recherches bibliographiques, aux lectures, \u00e0 une pr\u00e9sentation des enqu\u00eates ethnographiques, \u00e0 une r\u00e9flexion commune sur les enjeux des techniques d\u2019enqu\u00eate qui seront mobilis\u00e9es (entretiens, observations, mais aussi travail sur archives), \u00e0 la construction de l\u2019objet gr\u00e2ce \u00e0 l\u2019\u00e9laboration d\u2019une probl\u00e9matique commune, enfin \u00e0 la pr\u00e9paration et \u00e0 l\u2019organisation du travail de terrain \u00e0 venir (prise de contacts avec diff\u00e9rents partenaires et informateurs sur place, etc.). La production et l\u2019analyse sociologique des donn\u00e9es interviendront quant \u00e0 elle au second semestre.<\/p>\n<p><\/p>\n\n\n<div class=\"wp-block-file\"><a href=\"http:\/\/amiens-sociologie.fr\/wp-content\/uploads\/2020\/09\/Recueil-de-textes-Stage-de-terrain.pdf\">Recueil-de-textes-Stage-de-terrain<\/a><a href=\"http:\/\/amiens-sociologie.fr\/wp-content\/uploads\/2020\/09\/Recueil-de-textes-Stage-de-terrain.pdf\" class=\"wp-block-file__button\" download>Download<\/a><\/div>\n","protected":false},"excerpt":{"rendered":"<p>TD Montage de projet collectif en sociologie &amp; Enqu\u00eate de terrain sociologique | parcours \u00ab Sociologie \u00bb (18h TD) &#8211; Semestres 5 &amp; 6 Nicolas Brusadelli et Pascal Depoorter Ce TD est consacr\u00e9 \u00e0 la r\u00e9alisation d\u2019une enqu\u00eate collective de terrain \u00ab grandeur nature \u00bb, r\u00e9alis\u00e9e sur plusieurs jours au semestre suivant, \u00e0 la fronti\u00e8re &#8230; <a title=\"Montage de projet collectif en sociologie &#038; Enqu\u00eate de terrain sociologique (TD, L3S5 et S6)\" class=\"read-more\" href=\"http:\/\/amiens-sociologie.fr\/index.php\/enquete-de-terrain-sociologique-td-l3s5-et-s6\/\">Read more<span class=\"screen-reader-text\">Montage de projet collectif en sociologie &#038; Enqu\u00eate de terrain sociologique (TD, L3S5 et S6)<\/span><\/a><\/p>\n","protected":false},"author":1,"featured_media":0,"parent":0,"menu_order":0,"comment_status":"closed","ping_status":"closed","template":"","meta":[],"_links":{"self":[{"href":"http:\/\/amiens-sociologie.fr\/index.php\/wp-json\/wp\/v2\/pages\/285"}],"collection":[{"href":"http:\/\/amiens-sociologie.fr\/index.php\/wp-json\/wp\/v2\/pages"}],"about":[{"href":"http:\/\/amiens-sociologie.fr\/index.php\/wp-json\/wp\/v2\/types\/page"}],"author":[{"embeddable":true,"href":"http:\/\/amiens-sociologie.fr\/index.php\/wp-json\/wp\/v2\/users\/1"}],"replies":[{"embeddable":true,"href":"http:\/\/amiens-sociologie.fr\/index.php\/wp-json\/wp\/v2\/comments?post=285"}],"version-history":[{"count":10,"href":"http:\/\/amiens-sociologie.fr\/index.php\/wp-json\/wp\/v2\/pages\/285\/revisions"}],"predecessor-version":[{"id":2198,"href":"http:\/\/amiens-sociologie.fr\/index.php\/wp-json\/wp\/v2\/pages\/285\/revisions\/2198"}],"wp:attachment":[{"href":"http:\/\/amiens-sociologie.fr\/index.php\/wp-json\/wp\/v2\/media?parent=285"}],"curies":[{"name":"wp","href":"https:\/\/api.w.org\/{rel}","templated":true}]}}