{"id":2279,"date":"2020-12-01T19:36:17","date_gmt":"2020-12-01T18:36:17","guid":{"rendered":"http:\/\/amiens-sociologie.fr\/?page_id=2279"},"modified":"2020-12-01T19:36:18","modified_gmt":"2020-12-01T18:36:18","slug":"pauline-canada-uqam","status":"publish","type":"page","link":"http:\/\/amiens-sociologie.fr\/index.php\/pauline-canada-uqam\/","title":{"rendered":"Pauline &#8211; Canada &#8211; UQAM"},"content":{"rendered":"\n<!--nextpage-->\n\n\n\n<p>Je suis Pauline, j\u2019ai \u00e9tudi\u00e9 \u00e0 l\u2019universit\u00e9 de l\u2019UQAM (Universit\u00e9 du Qu\u00e9bec \u00e0 Montr\u00e9al) au Canada durant 2 semestres en 2019-2020 avec le programme d\u2019\u00e9change BCI. J\u2019ai valid\u00e9 mes semestres 3 et 4 (deuxi\u00e8me ann\u00e9e de licence) de la Licence de Sociologie (intitul\u00e9 canadien = Programme court de premier cycle en \u00e9tudes individualis\u00e9es &#8211; \u00e9change (profil ann\u00e9e) (0474)).<\/p>\n\n\n\n<p><strong><span class=\"has-inline-color has-vivid-cyan-blue-color\">Qu\u2019est-ce qui t\u2019a motiv\u00e9e \u00e0 partir ?<\/span><\/strong><\/p>\n\n\n\n<p class=\"has-text-align-left\">Partir \u00e0 l\u2019\u00e9tranger dans le cadre de mes \u00e9tudes universitaires me tentait beaucoup. C\u2019\u00e9tait l\u2019occasion de voyager tout en continuant mes \u00e9tudes, d\u2019\u00eatre accompagn\u00e9e par mon universit\u00e9 dans mes d\u00e9marches et de b\u00e9n\u00e9ficier des frais universitaires de mon universit\u00e9 en France, peu \u00e9lev\u00e9s compar\u00e9s \u00e0 ceux des universit\u00e9s nord-am\u00e9ricaines. Le fait d\u2019\u00eatre \u00e9tudiante m\u2019a permis de d\u00e9couvrir un autre pays en y vivant pendant une certaine p\u00e9riode. J\u2019avais toujours r\u00eav\u00e9 d\u2019aller au Canada et plus particuli\u00e8rement \u00e0 Montr\u00e9al. J\u2019avais beaucoup entendu parler de cette ville multi-culturelle, de sa r\u00e9putation accueillante et de son c\u00f4t\u00e9 fran\u00e7ais\/am\u00e9ricain. Gr\u00e2ce \u00e0 mon \u00e9change, ce r\u00eave a pu se r\u00e9aliser. Les choix de cours sont \u00e9galement diff\u00e9rents ce qui nous permet d\u2019\u00e9largir nos connaissances dans notre domaine d\u2019\u00e9tudes et d\u2019avoir une belle exp\u00e9rience \u00e0 \u00e9voquer pour notre parcours professionnel par la suite. Enfin, partir seule au bout du monde \u00e9tait aussi une sorte de <em>challenge<\/em> pour moi. J\u2019avais besoin de me d\u00e9passer et en quelque sorte de me prouver que j\u2019en \u00e9tais capable.<\/p>\n\n\n\n<p><strong><span class=\"has-inline-color has-vivid-cyan-blue-color\">Comment as-tu organis\u00e9 ton d\u00e9part\u00a0?<\/span><\/strong><\/p>\n\n\n\n<p>Il faut savoir que la pr\u00e9paration d\u2019un \u00e9change universitaire doit se faire \u00e0 l\u2019avance. J\u2019ai commenc\u00e9 \u00e0 assister \u00e0 des r\u00e9unions d\u2019information, \u00e0 prendre rendez-vous \u00e0 la DRI (Direction des Relations Internationales de l\u2019UPJV) et avec mes professeures charg\u00e9es des \u00e9changes universitaires pour m\u2019occuper de mon dossier un an avant mon d\u00e9part, soit en septembre 2018 pour ensuite l\u2019envoyer au service des Relations Internationales de l\u2019UPJV en janvier 2019. Il faut que celui-ci soit en effet d\u2019abord accept\u00e9 en France. Une certaine moyenne g\u00e9n\u00e9rale est requise ainsi qu\u2019une bonne lettre de motivation et des recommandations de professeur\u2219es. Le choix des cours doit \u00e9galement \u00eatre mis dans le dossier. J\u2019ai ensuite re\u00e7u une r\u00e9ponse (positive :)) de l\u2019UQAM, apr\u00e8s avoir \u00e9t\u00e9 accept\u00e9e en France en mars 2019 pour un d\u00e9part pr\u00e9vu en ao\u00fbt 2019. J\u2019ai aussi \u00e9t\u00e9 en contact avec une \u00e9tudiante de l\u2019UPJV qui \u00e9tait alors \u00e0 Montr\u00e9al et \u00e0 l\u2019UQAM dans le m\u00eame domaine que moi. Je l\u2019ai d\u2019ailleurs rencontr\u00e9e quand elle est revenue en France quelques mois avant que je parte.<\/p>\n\n\n\n<p>J\u2019ai par la suite r\u00e9fl\u00e9chi au type de logement que je voulais. Il faut savoir que les places dans les r\u00e9sidences universitaires de l\u2019universit\u00e9 d\u2019accueil sont tr\u00e8s limit\u00e9es et ainsi partent tr\u00e8s vite. Pour ma part, j\u2019avais plut\u00f4t opt\u00e9 pour une colocation. J\u2019ai alors \u00e9t\u00e9 sur le groupe Facebook \u00ab&nbsp;Colocation Montr\u00e9al&nbsp;\u00bb pour faire quelques recherches mais ne pas pouvoir visiter avant de louer quelque chose m\u2019emb\u00eatait beaucoup. Mon billet d\u2019avion ensuite r\u00e9serv\u00e9 (d\u00e9but juin 2019) et donc connaissant ma date d\u2019arriv\u00e9e, j\u2019ai d\u00e9cid\u00e9 de louer un Airbnb pour me permettre de visiter sur place (je suis arriv\u00e9e environ 2 semaines avant ma rentr\u00e9e). Mais n\u2019ayant pas trouv\u00e9 de colocation, j\u2019ai finalement pris une chambre dans une r\u00e9sidence universitaire priv\u00e9e (qui n\u2019\u00e9tait rattach\u00e9e \u00e0 aucune universit\u00e9) que j\u2019avais aper\u00e7ue dans les rues de Montr\u00e9al.&nbsp;<\/p>\n\n\n\n<p>Courant juin 2019, j\u2019ai \u00e9galement cr\u00e9\u00e9 ma demande de bourse Mermoz. Il s\u2019agit d\u2019une bourse internationale valable pour un seul \u00e9change universitaire. Elle peut \u00eatre cumul\u00e9e avec la bourse du Crous. Cette bourse m\u2019a \u00e9t\u00e9 d\u00e9livr\u00e9e en deux fois : une fois en d\u00e9cembre pour les mois de septembre \u00e0 d\u00e9cembre et une autre fois en juin pour les mois de janvier \u00e0 avril. La bourse est financ\u00e9e selon le nombre de jours sur place, dans la limite minimum de 2 semaines et maximum de 26 semaines.<\/p>\n\n\n\n<p>Je n\u2019ai pas non plus oubli\u00e9 de m\u2019occuper de ma s\u00e9curit\u00e9 sociale, de ma demande de CAQ (Certificat d\u2019acceptation du Qu\u00e9bec) ainsi que du permis d\u2019\u00e9tudes et de mon passeport. Pour le Canada, il est n\u00e9cessaire de faire ses donn\u00e9es biom\u00e9triques (d\u00e9placement sur Paris).<\/p>\n\n\n\n<p>Apr\u00e8s avoir effectu\u00e9 toute cette pr\u00e9paration administrative (qui est plus importante pour un s\u00e9jour d\u2019un an que d\u2019un semestre), je me suis occup\u00e9e de mon forfait t\u00e9l\u00e9phonique et de ma carte bancaire pour faire en sorte qu\u2019ils soient internationaux. Je me suis aussi beaucoup renseign\u00e9e sur la ville et sur mon universit\u00e9 d\u2019accueil <em>via<\/em> son site internet. J\u2019ai \u00e9galement pr\u00e9par\u00e9 petit \u00e0 petit mes valises et retir\u00e9 un peu de dollars canadiens dans un bureau de change pour avoir de la monnaie sur place. Ne pas oublier dans les bagages les adaptateurs \u00e9lectriques ainsi que des v\u00eatements d\u2019hiver comme d\u2019\u00e9t\u00e9 ! Le Canada est r\u00e9put\u00e9 pour ses temp\u00e9ratures tr\u00e8s froides l\u2019hiver mais il ne faut pas oublier ses temp\u00e9ratures tr\u00e8s chaudes l\u2019\u00e9t\u00e9 !<\/p>\n\n\n\n<p><strong><span class=\"has-inline-color has-vivid-cyan-blue-color\">Comment s\u2019est pass\u00e9 ton premier cours ?<\/span><\/strong><\/p>\n\n\n\n<p>Mon premier cours \u00e9tait un cours sur les mouvements sociaux. Les cours \u00e0 l\u2019UQAM se font par tranche de trois heures. En tant qu\u2019\u00e9tudiante en \u00e9change, je devais prendre minimum quatre cours par semestre. J\u2019avais donc 12 heures de cours par semaine. Au d\u00e9but de chaque semestre, chaque professeur\u22c5e pr\u00e9sente une proposition de modalit\u00e9 d\u2019\u00e9valuation \u00e0 sa classe (tel examen comptera pour tel pourcentage de la moyenne finale du cours). La classe peut donc voter pour r\u00e9partir ces pourcentages de sorte qu\u2019ils conviennent au plus grand nombre. Les heures de cours sont donc moins cons\u00e9quentes mais cela nous laisse plus de temps pour notre travail personnel. Je n\u2019ai pas eu de partiels comme en France. Pour chaque mati\u00e8re, il fallait rendre un dossier final, \u00e0 faire seule ou \u00e0 plusieurs, \u00e0 la fin du semestre sur le sujet de notre choix en lien avec la mati\u00e8re et valid\u00e9 par le\/la professeur\u22c5e.<\/p>\n\n\n\n<p>J\u2019ai vraiment appr\u00e9ci\u00e9 cette possibilit\u00e9 de choisir mes cours. J\u2019ai pu m\u2019orienter vers des mati\u00e8res qui me plaisaient particuli\u00e8rement. Par exemple, j\u2019ai beaucoup aim\u00e9 mon cours sur la sociologie des m\u00e9dias et des industries cr\u00e9atives. Par ailleurs, cette mati\u00e8re n\u2019est pas propos\u00e9e \u00e0 l\u2019UPJV.<\/p>\n\n\n\n<p>Les enseignant\u22c5es sont tr\u00e8s bienveillant\u22c5es et disponibles. Durant mon premier cours, j\u2019ai forc\u00e9ment \u00e9t\u00e9 confront\u00e9e \u00e0 l\u2019accent qu\u00e9b\u00e9cois des professeur\u22c5es mais aussi des \u00e9l\u00e8ves. M\u00eame si \u00e7a n\u2019a pas \u00e9t\u00e9 facile au d\u00e9but, je me suis quand m\u00eame habitu\u00e9e. Il faut savoir qu\u2019il y a aussi beaucoup d\u2019\u00e9tudiant\u22c5es fran\u00e7ais\u22c5es au Qu\u00e9bec. Nous ne sommes pas seul\u22c5es \u00e0 \u00eatre d\u00e9pays\u00e9s au d\u00e9but ce qui est plut\u00f4t rassurant. L\u2019ambiance est aussi diff\u00e9rente. Par exemple, les \u00e9l\u00e8ves tutoient les professeur\u22c5es. C\u2019est assez bizarre au d\u00e9but mais cela permet d\u2019enlever cette notion de figure d\u2019autorit\u00e9. Nous nous sentons plus \u00e0 l\u2019aise. Les notes enfin sont en lettres au Qu\u00e9bec, ce qui peut surprendre au d\u00e9but mais qui para\u00eet \u00e9vident ensuite connaissant l\u2019influence am\u00e9ricaine au Canada.<\/p>\n\n\n\n<p><strong><span class=\"has-inline-color has-vivid-cyan-blue-color\">Tu pourrais nous d\u00e9crire bri\u00e8vement ton quotidien \u00e0 l\u2019universit\u00e9 de l\u2019UQAM ?<\/span><\/strong><\/p>\n\n\n\n<p>L\u2019UQAM est une tr\u00e8s grande universit\u00e9 r\u00e9partie sur plusieurs pavillons dans la ville. \u00c9tant en sociologie, deux pavillons diff\u00e9rents me concernaient. L\u2019universit\u00e9 organise une journ\u00e9e d\u2019accueil avec une visite des lieux pour nous permettre de mieux nous int\u00e9grer avant la rentr\u00e9e. Tout est bien indiqu\u00e9 et assez bien pens\u00e9. Par exemple, l\u2019universit\u00e9 propose un acc\u00e8s direct au m\u00e9tro. L\u2019arr\u00eat \u00ab&nbsp;Berri &#8211; UQAM&nbsp;\u00bb permet d\u2019y acc\u00e9der directement sans avoir \u00e0 sortir \u00e0 l\u2019ext\u00e9rieur (ce qui est pratique l\u2019hiver quand il fait tr\u00e8s froid). Il y a \u00e9galement \u00e9norm\u00e9ment d\u2019\u00e9tudiant\u22c5es \u00e9trangers ce qui permet de faire de belles rencontres et de s\u2019\u00e9tonner \u00e0 parler espagnol au Canada sous -20\u00b0C. L\u2019universit\u00e9 accueille environ 40 000 \u00e9tudiant\u22c5es dont plus de 3 000 \u00e9tudiant\u22c5es \u00e9trangers. Pour ce qui est de l\u2019administration, un <em>Registrariat<\/em> est pr\u00e9sent dans l\u2019universit\u00e9. C\u2019est une sorte de scolarit\u00e9 pour toutes les fili\u00e8res confondues. L\u2019UQAM propose aussi toutes sorte d\u2019activit\u00e9s comme des activit\u00e9s sportives. Si vous voulez vous renseigner un peu plus, je vous conseille vraiment d\u2019aller voir son site internet ou encore sa page Instagram.<\/p>\n\n\n\n<p><strong><span class=\"has-inline-color has-vivid-cyan-blue-color\">Tu as transmis quelques photos. Quels souvenirs elles t\u2019\u00e9voquent\u00a0? <\/span><\/strong><\/p>\n\n\n\n<p>Montr\u00e9al est une ville dynamique et festive. Il y a tout le temps des \u00e9v\u00e9nements pr\u00e9vus en \u00e9t\u00e9 comme en hiver. C\u2019est une grande ville dans laquelle on se sent bien. Les gens sont accueillants et bienveillants avec vous. La ville a \u00e9galement beaucoup de caract\u00e9ristiques am\u00e9ricaines. C\u2019est un peu les Etats-Unis mais sans la barri\u00e8re de la langue. Y vivre l\u2019\u00e9t\u00e9 est aussi totalement diff\u00e9rent qu\u2019y vivre l\u2019hiver. Les temp\u00e9ratures sont extr\u00eames l\u2019hiver (jusqu\u2019\u00e0 -40\u00b0C) et il fait nuit tr\u00e8s t\u00f4t, tout est donc plus calme. Durant mon s\u00e9jour, j\u2019ai pu aller tout en haut du Mont Royal l\u2019\u00e9t\u00e9 et l\u2019hiver. On voit bien la diff\u00e9rence sur les photos. J\u2019ai \u00e9galement pu faire un <em>road trip<\/em> dans l\u2019arri\u00e8re-pays, go\u00fbter \u00e0 la fameuse poutine (un d\u00e9lice) ou encore participer \u00e0 la grande marche pour le climat. Montr\u00e9al est une ville culturelle engag\u00e9e magnifique.<\/p>\n\n\n\n<div class=\"wp-block-image\"><figure class=\"alignright size-large\"><img loading=\"lazy\" width=\"453\" height=\"453\" src=\"http:\/\/amiens-sociologie.fr\/wp-content\/uploads\/2020\/12\/1.jpg\" alt=\"\" class=\"wp-image-2281\" srcset=\"http:\/\/amiens-sociologie.fr\/wp-content\/uploads\/2020\/12\/1.jpg 453w, http:\/\/amiens-sociologie.fr\/wp-content\/uploads\/2020\/12\/1-300x300.jpg 300w, http:\/\/amiens-sociologie.fr\/wp-content\/uploads\/2020\/12\/1-150x150.jpg 150w\" sizes=\"(max-width: 453px) 100vw, 453px\" \/><\/figure><\/div>\n\n\n\n<figure class=\"wp-block-image size-large\"><img loading=\"lazy\" width=\"432\" height=\"432\" src=\"http:\/\/amiens-sociologie.fr\/wp-content\/uploads\/2020\/12\/2.jpg\" alt=\"\" class=\"wp-image-2283\" srcset=\"http:\/\/amiens-sociologie.fr\/wp-content\/uploads\/2020\/12\/2.jpg 432w, http:\/\/amiens-sociologie.fr\/wp-content\/uploads\/2020\/12\/2-300x300.jpg 300w, http:\/\/amiens-sociologie.fr\/wp-content\/uploads\/2020\/12\/2-150x150.jpg 150w\" sizes=\"(max-width: 432px) 100vw, 432px\" \/><\/figure>\n\n\n\n<p>Je vous montre aussi quelques photos du voyage \u00e0 New York que j\u2019ai pu r\u00e9aliser. C\u2019est \u00e0 environ 8h de Montr\u00e9al en car, c\u2019est donc tr\u00e8s facile d\u2019y aller. Ce voyage \u00e9tait vraiment incroyable !<\/p>\n\n\n\n<div class=\"wp-block-image\"><figure class=\"aligncenter size-large\"><img loading=\"lazy\" width=\"441\" height=\"441\" src=\"http:\/\/amiens-sociologie.fr\/wp-content\/uploads\/2020\/12\/3.jpg\" alt=\"\" class=\"wp-image-2282\" srcset=\"http:\/\/amiens-sociologie.fr\/wp-content\/uploads\/2020\/12\/3.jpg 441w, http:\/\/amiens-sociologie.fr\/wp-content\/uploads\/2020\/12\/3-300x300.jpg 300w, http:\/\/amiens-sociologie.fr\/wp-content\/uploads\/2020\/12\/3-150x150.jpg 150w\" sizes=\"(max-width: 441px) 100vw, 441px\" \/><\/figure><\/div>\n\n\n\n<p><strong><span class=\"has-inline-color has-vivid-cyan-blue-color\">Q<\/span><\/strong><span class=\"has-inline-color has-vivid-cyan-blue-color\"><strong>u\u2019est-ce que tu as envie de dire aux \u00e9tudiant\u2219es qui h\u00e9sitent \u00e0 parti<\/strong>r ?<\/span><\/p>\n\n\n\n<p>J\u2019ai envie de leur dire qu\u2019il ne faut pas h\u00e9siter ! C\u2019est une grande opportunit\u00e9 de pouvoir partir faire nos \u00e9tudes \u00e0 l\u2019\u00e9tranger. On sort de notre zone de confort pour conna\u00eetre un autre style de vie. C\u2019est un vrai bonus dans notre formation universitaire mais aussi dans notre formation de vie. Cela nous permet d\u2019avoir une plus grande ouverture sur le monde et d\u2019en apprendre sur un autre pays mais aussi sur nous-m\u00eames. Depuis cette exp\u00e9rience, j\u2019ai plus confiance en moi et je suis fi\u00e8re d\u2019avoir \u00e9t\u00e9 capable de partir seule au bout du monde et d\u2019en \u00eatre revenue grandie. C\u2019est une tr\u00e8s belle aventure riche en d\u00e9couvertes et en rencontres qu\u2019il faut saisir ! Si vous d\u00e9cidez de partir \u00e0 Montr\u00e9al, emmenez-moi avec vous, je re-signe direct ! Mais si vous h\u00e9sitez encore ou que vous avez des questions, je serais tr\u00e8s contente de vous aider ou m\u00eame de vous rencontrer ! Je vous laisse mon mail : mrs09@hotmail.fr<\/p>\n\n\n\n<p><\/p>\n","protected":false},"excerpt":{"rendered":"<p>Je suis Pauline, j\u2019ai \u00e9tudi\u00e9 \u00e0 l\u2019universit\u00e9 de l\u2019UQAM (Universit\u00e9 du Qu\u00e9bec \u00e0 Montr\u00e9al) au Canada durant 2 semestres en 2019-2020 avec le programme d\u2019\u00e9change BCI. J\u2019ai valid\u00e9 mes semestres 3 et 4 (deuxi\u00e8me ann\u00e9e de licence) de la Licence de Sociologie (intitul\u00e9 canadien = Programme court de premier cycle en \u00e9tudes individualis\u00e9es &#8211; \u00e9change &#8230; <a title=\"Pauline &#8211; Canada &#8211; UQAM\" class=\"read-more\" href=\"http:\/\/amiens-sociologie.fr\/index.php\/pauline-canada-uqam\/\">Read more<span class=\"screen-reader-text\">Pauline &#8211; Canada &#8211; UQAM<\/span><\/a><\/p>\n","protected":false},"author":13,"featured_media":0,"parent":0,"menu_order":0,"comment_status":"closed","ping_status":"closed","template":"","meta":[],"_links":{"self":[{"href":"http:\/\/amiens-sociologie.fr\/index.php\/wp-json\/wp\/v2\/pages\/2279"}],"collection":[{"href":"http:\/\/amiens-sociologie.fr\/index.php\/wp-json\/wp\/v2\/pages"}],"about":[{"href":"http:\/\/amiens-sociologie.fr\/index.php\/wp-json\/wp\/v2\/types\/page"}],"author":[{"embeddable":true,"href":"http:\/\/amiens-sociologie.fr\/index.php\/wp-json\/wp\/v2\/users\/13"}],"replies":[{"embeddable":true,"href":"http:\/\/amiens-sociologie.fr\/index.php\/wp-json\/wp\/v2\/comments?post=2279"}],"version-history":[{"count":5,"href":"http:\/\/amiens-sociologie.fr\/index.php\/wp-json\/wp\/v2\/pages\/2279\/revisions"}],"predecessor-version":[{"id":2287,"href":"http:\/\/amiens-sociologie.fr\/index.php\/wp-json\/wp\/v2\/pages\/2279\/revisions\/2287"}],"wp:attachment":[{"href":"http:\/\/amiens-sociologie.fr\/index.php\/wp-json\/wp\/v2\/media?parent=2279"}],"curies":[{"name":"wp","href":"https:\/\/api.w.org\/{rel}","templated":true}]}}