{"id":2146,"date":"2020-07-11T14:11:28","date_gmt":"2020-07-11T13:11:28","guid":{"rendered":"http:\/\/amiens-sociologie.fr\/?page_id=2146"},"modified":"2021-01-11T09:58:58","modified_gmt":"2021-01-11T08:58:58","slug":"m1-atelier-decriture","status":"publish","type":"page","link":"http:\/\/amiens-sociologie.fr\/index.php\/m1-atelier-decriture\/","title":{"rendered":"M1 &#8211; Atelier d&#8217;\u00e9criture"},"content":{"rendered":"\n<p>Cet atelier est d\u2019abord un accompagnement th\u00e9orique et pratique \u00e0 l\u2019\u00e9laboration d\u2019un m\u00e9moire de Master 1. Au rythme de l\u2019avancement des projets de recherches individuels, nous discuterons donc collectivement et sur la base d\u2019un recueil de textes de la r\u00e9alisation concr\u00e8te des diff\u00e9rentes \u00e9tapes qui rythment l\u2019investigation en sciences sociales&nbsp;: choix d\u2019une question de d\u00e9part&nbsp;; construction d\u2019un corpus bibliographique&nbsp;; d\u00e9but de&nbsp;probl\u00e9matisation&nbsp;; choix de m\u00e9thodes&nbsp;; etc. D\u00e8s que l\u2019avancement de leur projet le permettra, les participants \u00e0 l\u2019atelier s\u2019essaieront aussi \u00e0 diverses s\u00e9ances d\u2019\u00e9criture collective, de mani\u00e8re \u00e0 acqu\u00e9rir diff\u00e9rentes techniques de r\u00e9daction. Pour \u00eatre pleinement profitable, la participation \u00e0 l\u2019atelier n\u00e9cessite d\u2019avoir arr\u00eat\u00e9 une th\u00e9matique d\u2019enqu\u00eate en amont de la premi\u00e8re s\u00e9ance<\/p>\n","protected":false},"excerpt":{"rendered":"<p>Cet atelier est d\u2019abord un accompagnement th\u00e9orique et pratique \u00e0 l\u2019\u00e9laboration d\u2019un m\u00e9moire de Master 1. Au rythme de l\u2019avancement des projets de recherches individuels, nous discuterons donc collectivement et sur la base d\u2019un recueil de textes de la r\u00e9alisation concr\u00e8te des diff\u00e9rentes \u00e9tapes qui rythment l\u2019investigation en sciences sociales&nbsp;: choix d\u2019une question de d\u00e9part&nbsp;; &#8230; <a title=\"M1 &#8211; Atelier d&#8217;\u00e9criture\" class=\"read-more\" href=\"http:\/\/amiens-sociologie.fr\/index.php\/m1-atelier-decriture\/\">Read more<span class=\"screen-reader-text\">M1 &#8211; Atelier d&#8217;\u00e9criture<\/span><\/a><\/p>\n","protected":false},"author":25,"featured_media":0,"parent":0,"menu_order":0,"comment_status":"closed","ping_status":"closed","template":"","meta":[],"_links":{"self":[{"href":"http:\/\/amiens-sociologie.fr\/index.php\/wp-json\/wp\/v2\/pages\/2146"}],"collection":[{"href":"http:\/\/amiens-sociologie.fr\/index.php\/wp-json\/wp\/v2\/pages"}],"about":[{"href":"http:\/\/amiens-sociologie.fr\/index.php\/wp-json\/wp\/v2\/types\/page"}],"author":[{"embeddable":true,"href":"http:\/\/amiens-sociologie.fr\/index.php\/wp-json\/wp\/v2\/users\/25"}],"replies":[{"embeddable":true,"href":"http:\/\/amiens-sociologie.fr\/index.php\/wp-json\/wp\/v2\/comments?post=2146"}],"version-history":[{"count":4,"href":"http:\/\/amiens-sociologie.fr\/index.php\/wp-json\/wp\/v2\/pages\/2146\/revisions"}],"predecessor-version":[{"id":2420,"href":"http:\/\/amiens-sociologie.fr\/index.php\/wp-json\/wp\/v2\/pages\/2146\/revisions\/2420"}],"wp:attachment":[{"href":"http:\/\/amiens-sociologie.fr\/index.php\/wp-json\/wp\/v2\/media?parent=2146"}],"curies":[{"name":"wp","href":"https:\/\/api.w.org\/{rel}","templated":true}]}}