{"id":2020,"date":"2020-04-20T10:05:59","date_gmt":"2020-04-20T09:05:59","guid":{"rendered":"http:\/\/amiens-sociologie.fr\/?page_id=2020"},"modified":"2021-01-11T09:46:33","modified_gmt":"2021-01-11T08:46:33","slug":"l1s1-histoire-de-la-sociologie","status":"publish","type":"page","link":"http:\/\/amiens-sociologie.fr\/index.php\/l1s1-histoire-de-la-sociologie\/","title":{"rendered":"L1S1 &#8211; Histoire de la sociologie"},"content":{"rendered":"\n<p>L\u2019objectif de cet enseignement est d\u2019introduire \u00e0 quelques-unes des principales balises th\u00e9oriques dans l\u2019histoire de la discipline (chaque ann\u00e9e, quelques variations permettent d\u2019introduire de nouveaux auteurs ou courants de pens\u00e9e) ; montrer les logiques, filiations et oppositions entre les approches \u00ab holistes \u00bb (approche globale du syst\u00e8me social) et interactionnistes (constructions sociales se d\u00e9gageant des interrelations entre individus). Dans tous les cas restituer le contexte historico-social ayant pr\u00e9sid\u00e9 \u00e0 l\u2019\u00e9mergence des principaux courants de pens\u00e9e.<\/p>\n","protected":false},"excerpt":{"rendered":"<p>L\u2019objectif de cet enseignement est d\u2019introduire \u00e0 quelques-unes des principales balises th\u00e9oriques dans l\u2019histoire de la discipline (chaque ann\u00e9e, quelques variations permettent d\u2019introduire de nouveaux auteurs ou courants de pens\u00e9e) ; montrer les logiques, filiations et oppositions entre les approches \u00ab holistes \u00bb (approche globale du syst\u00e8me social) et interactionnistes (constructions sociales se d\u00e9gageant des &#8230; <a title=\"L1S1 &#8211; Histoire de la sociologie\" class=\"read-more\" href=\"http:\/\/amiens-sociologie.fr\/index.php\/l1s1-histoire-de-la-sociologie\/\">Read more<span class=\"screen-reader-text\">L1S1 &#8211; Histoire de la sociologie<\/span><\/a><\/p>\n","protected":false},"author":25,"featured_media":0,"parent":0,"menu_order":0,"comment_status":"closed","ping_status":"closed","template":"","meta":[],"_links":{"self":[{"href":"http:\/\/amiens-sociologie.fr\/index.php\/wp-json\/wp\/v2\/pages\/2020"}],"collection":[{"href":"http:\/\/amiens-sociologie.fr\/index.php\/wp-json\/wp\/v2\/pages"}],"about":[{"href":"http:\/\/amiens-sociologie.fr\/index.php\/wp-json\/wp\/v2\/types\/page"}],"author":[{"embeddable":true,"href":"http:\/\/amiens-sociologie.fr\/index.php\/wp-json\/wp\/v2\/users\/25"}],"replies":[{"embeddable":true,"href":"http:\/\/amiens-sociologie.fr\/index.php\/wp-json\/wp\/v2\/comments?post=2020"}],"version-history":[{"count":5,"href":"http:\/\/amiens-sociologie.fr\/index.php\/wp-json\/wp\/v2\/pages\/2020\/revisions"}],"predecessor-version":[{"id":2416,"href":"http:\/\/amiens-sociologie.fr\/index.php\/wp-json\/wp\/v2\/pages\/2020\/revisions\/2416"}],"wp:attachment":[{"href":"http:\/\/amiens-sociologie.fr\/index.php\/wp-json\/wp\/v2\/media?parent=2020"}],"curies":[{"name":"wp","href":"https:\/\/api.w.org\/{rel}","templated":true}]}}