{"id":1762,"date":"2020-02-14T09:59:00","date_gmt":"2020-02-14T08:59:00","guid":{"rendered":"http:\/\/amiens-sociologie.fr\/?page_id=1762"},"modified":"2020-02-17T10:13:40","modified_gmt":"2020-02-17T09:13:40","slug":"faqs-et-mobilisation-1-0-1","status":"publish","type":"page","link":"http:\/\/amiens-sociologie.fr\/index.php\/faqs-et-mobilisation-1-0-1\/","title":{"rendered":"FAQs et mobilisation 1.0.1"},"content":{"rendered":"\n<p><strong>Qu\u2019est-ce qu\u2019une journ\u00e9e banalis\u00e9e&nbsp;?<\/strong><\/p>\n\n\n\n<p>Des journ\u00e9es banalis\u00e9es sont planifi\u00e9es les jours de mobilisation nationale interprofessionnelle. <\/p>\n\n\n\n<p>Tous les cours et les TD\nde la journ\u00e9e sont suspendus (et non pas annul\u00e9s ou report\u00e9s) pour assurer\nl\u2019organisation suivante&nbsp;: <\/p>\n\n\n\n<p>*Le matin un cours alternatif peut \u00eatre organis\u00e9. Ouvert \u00e0 tous, il aborde une question sociale en lien avec le contexte de contestations (retraite, LPPR, pr\u00e9carit\u00e9). Il est assur\u00e9 par des enseignant.es-chercheur.es titulaires et vacataires.<\/p>\n\n\n\n<p>*L\u2019apr\u00e8s-midi, des\nateliers pr\u00e9paratoires \u00e0 la mobilisation (flashmob, banderoles\u2026) s\u2019organisent.\nEt un cort\u00e8ge d\u2019\u00e9tudiant.es, d\u2019enseignant.es-chercheur.es et de personnel de\nl\u2019UPJV rejoigne la manifestation interprofessionnelle. <\/p>\n\n\n\n<p><strong>Est-ce que tous les enseignant.es-chercheur.es sont concern\u00e9.es par la journ\u00e9e banalis\u00e9e&nbsp;? <\/strong><\/p>\n\n\n\n<p><strong>Non. <\/strong>Il revient \u00e0 chacun des enseignant.es-chercheur.es avec lequel\nvous avez cours le jour dit de vous indiquer sa position et les formes qu&#8217;il\ndonne au contenu de son cours (cours habituel, r\u00e9am\u00e9nagement en cours\nalternatif, temps de d\u00e9bats, annulation ou report). <\/p>\n\n\n\n<p>Les enseignant.es-chercheur.es\nqui ont cours sont pr\u00e9sents sur les lieux d&#8217;enseignement comme \u00e0 leur habitude.\nIl vous revient d&#8217;aller \u00e0 leur rencontre et de vous informer aupr\u00e8s d&#8217;eux.<\/p>\n\n\n\n<p><strong>Un cours alternatif est diff\u00e9rent d\u2019une journ\u00e9e banalis\u00e9e&nbsp;? <\/strong><\/p>\n\n\n\n<p><strong>Oui<\/strong>. Il peut avoir lieu sur un temps de la journ\u00e9e banalis\u00e9e, selon le contexte de mobilisation. Il peut aussi \u00eatre planifi\u00e9 sur un autre jour. Vos enseignants-chercheur.es vous informeront des dates retenues et vous y convieront. <\/p>\n\n\n\n<p>Ces cours ne suppriment\npas mais remplacent vos cours habituels dans la forme et\/ou le contenu.<\/p>\n\n\n\n<p><strong>Si un de mes TD est maintenu alors que je participe \u00e0 la journ\u00e9e\nbanalis\u00e9e ou \u00e0 un cours alternatif est-ce que mon absence au TD&nbsp;sera\np\u00e9nalis\u00e9e ?<\/strong><\/p>\n\n\n\n<p><strong>Non<\/strong>. Les \u00e9tudiant.es de sciences sociales souhaitant se mobiliser,\npr\u00e9parant une manifestation ou s&#8217;y rendant ne seront pas p\u00e9nalis\u00e9.es de leur\nabsence aux TD et aux CM ce jour-l\u00e0.<\/p>\n\n\n\n<p><strong>Est-ce que les ETE et les \u00e9valuations en CC du semestre pair sont\nannul\u00e9s&nbsp;? <\/strong><\/p>\n\n\n\n<p><strong>Non<\/strong>. Les examens du second semestre sont maintenus.<\/p>\n\n\n\n<p><strong>Est-ce que je peux \u00eatre \u00e9valu\u00e9 sur le contenu d\u2019un cours alternatif ? <\/strong><\/p>\n\n\n\n<p><strong>Oui\u2026&nbsp;<\/strong>Les savoirs qui sont produits et dispens\u00e9s, leurs\ncontenus in\u00e9dits, en lien avec votre formation g\u00e9n\u00e9rale dans l&#8217;ann\u00e9e qui vous\nconcerne, peuvent faire partie des \u00e9valuations int\u00e9gr\u00e9es aux contr\u00f4les continus\nou aux partiels. <\/p>\n\n\n\n<p><strong>\u2026ou non. <\/strong>Des enseignant.es-chercheur.es peuvent d\u00e9cider de ne pas\nvous \u00e9valuer sur le contenu des cours alternatifs. &nbsp;Il faut vous renseigner et en discuter avec\nvos enseignants&nbsp;!<\/p>\n\n\n\n<p><strong>Quand sont planifi\u00e9es les journ\u00e9es banalis\u00e9es et les cours alternatifs&nbsp;? <\/strong><\/p>\n\n\n\n<p>Vous trouverez cette information sur le blog Amiens Socio<\/p>\n","protected":false},"excerpt":{"rendered":"<p>Qu\u2019est-ce qu\u2019une journ\u00e9e banalis\u00e9e&nbsp;? Des journ\u00e9es banalis\u00e9es sont planifi\u00e9es les jours de mobilisation nationale interprofessionnelle. Tous les cours et les TD de la journ\u00e9e sont suspendus (et non pas annul\u00e9s ou report\u00e9s) pour assurer l\u2019organisation suivante&nbsp;: *Le matin un cours alternatif peut \u00eatre organis\u00e9. Ouvert \u00e0 tous, il aborde une question sociale en lien avec &#8230; <a title=\"FAQs et mobilisation 1.0.1\" class=\"read-more\" href=\"http:\/\/amiens-sociologie.fr\/index.php\/faqs-et-mobilisation-1-0-1\/\">Read more<span class=\"screen-reader-text\">FAQs et mobilisation 1.0.1<\/span><\/a><\/p>\n","protected":false},"author":1,"featured_media":0,"parent":0,"menu_order":0,"comment_status":"closed","ping_status":"closed","template":"","meta":[],"_links":{"self":[{"href":"http:\/\/amiens-sociologie.fr\/index.php\/wp-json\/wp\/v2\/pages\/1762"}],"collection":[{"href":"http:\/\/amiens-sociologie.fr\/index.php\/wp-json\/wp\/v2\/pages"}],"about":[{"href":"http:\/\/amiens-sociologie.fr\/index.php\/wp-json\/wp\/v2\/types\/page"}],"author":[{"embeddable":true,"href":"http:\/\/amiens-sociologie.fr\/index.php\/wp-json\/wp\/v2\/users\/1"}],"replies":[{"embeddable":true,"href":"http:\/\/amiens-sociologie.fr\/index.php\/wp-json\/wp\/v2\/comments?post=1762"}],"version-history":[{"count":5,"href":"http:\/\/amiens-sociologie.fr\/index.php\/wp-json\/wp\/v2\/pages\/1762\/revisions"}],"predecessor-version":[{"id":1808,"href":"http:\/\/amiens-sociologie.fr\/index.php\/wp-json\/wp\/v2\/pages\/1762\/revisions\/1808"}],"wp:attachment":[{"href":"http:\/\/amiens-sociologie.fr\/index.php\/wp-json\/wp\/v2\/media?parent=1762"}],"curies":[{"name":"wp","href":"https:\/\/api.w.org\/{rel}","templated":true}]}}