{"id":1760,"date":"2020-02-14T09:58:33","date_gmt":"2020-02-14T08:58:33","guid":{"rendered":"http:\/\/amiens-sociologie.fr\/?page_id=1760"},"modified":"2020-02-14T17:16:58","modified_gmt":"2020-02-14T16:16:58","slug":"motions","status":"publish","type":"page","link":"http:\/\/amiens-sociologie.fr\/index.php\/motions\/","title":{"rendered":"Motions"},"content":{"rendered":"\n<figure class=\"wp-block-embed-wordpress wp-block-embed is-type-wp-embed is-provider-amiens-sociologie\"><div class=\"wp-block-embed__wrapper\">\n<blockquote class=\"wp-embedded-content\" data-secret=\"GCVysTPFVG\"><a href=\"http:\/\/amiens-sociologie.fr\/index.php\/2020\/02\/14\/motion-du-departement-de-sciences-sociales-de-lupjv-21-janvier-2020\/\">Motion du de\u0301partement de sciences sociales de l\u2019UPJV \u2013 21 janvier 2020<\/a><\/blockquote><iframe title=\"&#8220;Motion du de\u0301partement de sciences sociales de l\u2019UPJV \u2013 21 janvier 2020&#8221; &#8212; Amiens Sociologie\" class=\"wp-embedded-content\" sandbox=\"allow-scripts\" security=\"restricted\" style=\"position: absolute; clip: rect(1px, 1px, 1px, 1px);\" src=\"http:\/\/amiens-sociologie.fr\/index.php\/2020\/02\/14\/motion-du-departement-de-sciences-sociales-de-lupjv-21-janvier-2020\/embed\/#?secret=GCVysTPFVG\" data-secret=\"GCVysTPFVG\" width=\"600\" height=\"338\" frameborder=\"0\" marginwidth=\"0\" marginheight=\"0\" scrolling=\"no\"><\/iframe>\n<\/div><\/figure>\n\n\n\n<figure class=\"wp-block-embed-wordpress wp-block-embed is-type-wp-embed is-provider-amiens-sociologie\"><div class=\"wp-block-embed__wrapper\">\n<blockquote class=\"wp-embedded-content\" data-secret=\"rwJWwgULQN\"><a href=\"http:\/\/amiens-sociologie.fr\/index.php\/2020\/02\/14\/motion-du-conseil-dadministration-de-lupjv-du-6-fevrier-2020-motion-adoptee-a-lunanimite\/\">Motion du Conseil d\u2019Administration de l\u2019UPJV Du 6 f\u00e9vrier 2020. Motion adopt\u00e9e \u00e0 l\u2019unanimit\u00e9<\/a><\/blockquote><iframe title=\"&#8220;Motion du Conseil d\u2019Administration de l\u2019UPJV Du 6 f\u00e9vrier 2020. Motion adopt\u00e9e \u00e0 l\u2019unanimit\u00e9&#8221; &#8212; Amiens Sociologie\" class=\"wp-embedded-content\" sandbox=\"allow-scripts\" security=\"restricted\" style=\"position: absolute; clip: rect(1px, 1px, 1px, 1px);\" src=\"http:\/\/amiens-sociologie.fr\/index.php\/2020\/02\/14\/motion-du-conseil-dadministration-de-lupjv-du-6-fevrier-2020-motion-adoptee-a-lunanimite\/embed\/#?secret=rwJWwgULQN\" data-secret=\"rwJWwgULQN\" width=\"600\" height=\"338\" frameborder=\"0\" marginwidth=\"0\" marginheight=\"0\" scrolling=\"no\"><\/iframe>\n<\/div><\/figure>\n\n\n\n<figure class=\"wp-block-embed-wordpress wp-block-embed is-type-wp-embed is-provider-amiens-sociologie\"><div class=\"wp-block-embed__wrapper\">\n<blockquote class=\"wp-embedded-content\" data-secret=\"p2paku23as\"><a href=\"http:\/\/amiens-sociologie.fr\/index.php\/2020\/02\/14\/motion-du-curapp-ess-validee-par-lag-du-6-fevrier-2020-et-par-le-conseil-de-laboratoire\/\">Motion du CURAPP-ESS valid\u00e9e par l&#8217;AG du 6 f\u00e9vrier 2020 et par le Conseil de laboratoire<\/a><\/blockquote><iframe title=\"&#8220;Motion du CURAPP-ESS valid\u00e9e par l&#8217;AG du 6 f\u00e9vrier 2020 et par le Conseil de laboratoire&#8221; &#8212; Amiens Sociologie\" class=\"wp-embedded-content\" sandbox=\"allow-scripts\" security=\"restricted\" style=\"position: absolute; clip: rect(1px, 1px, 1px, 1px);\" src=\"http:\/\/amiens-sociologie.fr\/index.php\/2020\/02\/14\/motion-du-curapp-ess-validee-par-lag-du-6-fevrier-2020-et-par-le-conseil-de-laboratoire\/embed\/#?secret=p2paku23as\" data-secret=\"p2paku23as\" width=\"600\" height=\"338\" frameborder=\"0\" marginwidth=\"0\" marginheight=\"0\" scrolling=\"no\"><\/iframe>\n<\/div><\/figure>\n\n\n\n<figure class=\"wp-block-embed-wordpress wp-block-embed is-type-wp-embed is-provider-amiens-sociologie\"><div class=\"wp-block-embed__wrapper\">\n<blockquote class=\"wp-embedded-content\" data-secret=\"SUuJpgwlrR\"><a href=\"http:\/\/amiens-sociologie.fr\/index.php\/2020\/02\/14\/motion-de-lequipe-habiter-le-monde-ur-upjv4287-universite-de-picardie-jules-verne\/\">Motion de l\u2019\u00e9quipe HABITER LE MONDE UR UPJV4287 Universit\u00e9 de Picardie Jules Verne<\/a><\/blockquote><iframe title=\"&#8220;Motion de l\u2019\u00e9quipe HABITER LE MONDE UR UPJV4287 Universit\u00e9 de Picardie Jules Verne&#8221; &#8212; Amiens Sociologie\" class=\"wp-embedded-content\" sandbox=\"allow-scripts\" security=\"restricted\" style=\"position: absolute; clip: rect(1px, 1px, 1px, 1px);\" src=\"http:\/\/amiens-sociologie.fr\/index.php\/2020\/02\/14\/motion-de-lequipe-habiter-le-monde-ur-upjv4287-universite-de-picardie-jules-verne\/embed\/#?secret=SUuJpgwlrR\" data-secret=\"SUuJpgwlrR\" width=\"600\" height=\"338\" frameborder=\"0\" marginwidth=\"0\" marginheight=\"0\" scrolling=\"no\"><\/iframe>\n<\/div><\/figure>\n\n\n\n<figure class=\"wp-block-embed-wordpress wp-block-embed is-type-wp-embed is-provider-amiens-sociologie\"><div class=\"wp-block-embed__wrapper\">\n<blockquote class=\"wp-embedded-content\" data-secret=\"7LaA7Ox8d4\"><a href=\"http:\/\/amiens-sociologie.fr\/index.php\/2020\/02\/14\/motion-du-departement-de-sciences-de-leducation-de-luniversite-de-picardie-jules-verne\/\">Motion du de\u0301partement de sciences de l\u2019e\u0301ducation de l\u2019universite\u0301 de Picardie Jules Verne<\/a><\/blockquote><iframe title=\"&#8220;Motion du de\u0301partement de sciences de l\u2019e\u0301ducation de l\u2019universite\u0301 de Picardie Jules Verne&#8221; &#8212; Amiens Sociologie\" class=\"wp-embedded-content\" sandbox=\"allow-scripts\" security=\"restricted\" style=\"position: absolute; clip: rect(1px, 1px, 1px, 1px);\" src=\"http:\/\/amiens-sociologie.fr\/index.php\/2020\/02\/14\/motion-du-departement-de-sciences-de-leducation-de-luniversite-de-picardie-jules-verne\/embed\/#?secret=7LaA7Ox8d4\" data-secret=\"7LaA7Ox8d4\" width=\"600\" height=\"338\" frameborder=\"0\" marginwidth=\"0\" marginheight=\"0\" scrolling=\"no\"><\/iframe>\n<\/div><\/figure>\n\n\n\n<figure class=\"wp-block-embed-wordpress wp-block-embed is-type-wp-embed is-provider-amiens-sociologie\"><div class=\"wp-block-embed__wrapper\">\n<blockquote class=\"wp-embedded-content\" data-secret=\"MRjmvoAFR9\"><a href=\"http:\/\/amiens-sociologie.fr\/index.php\/2020\/02\/14\/motion-de-la-section-19-du-cnu-au-sujet-de-la-lppr-et-de-la-reforme-des-retraites-fev-2020\/\">Motion de la section 19 du CNU au sujet de la LPPR et de la r\u00e9forme des retraites (f\u00e9v. 2020)<\/a><\/blockquote><iframe title=\"&#8220;Motion de la section 19 du CNU au sujet de la LPPR et de la r\u00e9forme des retraites (f\u00e9v. 2020)&#8221; &#8212; Amiens Sociologie\" class=\"wp-embedded-content\" sandbox=\"allow-scripts\" security=\"restricted\" style=\"position: absolute; clip: rect(1px, 1px, 1px, 1px);\" src=\"http:\/\/amiens-sociologie.fr\/index.php\/2020\/02\/14\/motion-de-la-section-19-du-cnu-au-sujet-de-la-lppr-et-de-la-reforme-des-retraites-fev-2020\/embed\/#?secret=MRjmvoAFR9\" data-secret=\"MRjmvoAFR9\" width=\"600\" height=\"338\" frameborder=\"0\" marginwidth=\"0\" marginheight=\"0\" scrolling=\"no\"><\/iframe>\n<\/div><\/figure>\n","protected":false},"excerpt":{"rendered":"","protected":false},"author":1,"featured_media":0,"parent":0,"menu_order":0,"comment_status":"closed","ping_status":"closed","template":"","meta":[],"_links":{"self":[{"href":"http:\/\/amiens-sociologie.fr\/index.php\/wp-json\/wp\/v2\/pages\/1760"}],"collection":[{"href":"http:\/\/amiens-sociologie.fr\/index.php\/wp-json\/wp\/v2\/pages"}],"about":[{"href":"http:\/\/amiens-sociologie.fr\/index.php\/wp-json\/wp\/v2\/types\/page"}],"author":[{"embeddable":true,"href":"http:\/\/amiens-sociologie.fr\/index.php\/wp-json\/wp\/v2\/users\/1"}],"replies":[{"embeddable":true,"href":"http:\/\/amiens-sociologie.fr\/index.php\/wp-json\/wp\/v2\/comments?post=1760"}],"version-history":[{"count":4,"href":"http:\/\/amiens-sociologie.fr\/index.php\/wp-json\/wp\/v2\/pages\/1760\/revisions"}],"predecessor-version":[{"id":1843,"href":"http:\/\/amiens-sociologie.fr\/index.php\/wp-json\/wp\/v2\/pages\/1760\/revisions\/1843"}],"wp:attachment":[{"href":"http:\/\/amiens-sociologie.fr\/index.php\/wp-json\/wp\/v2\/media?parent=1760"}],"curies":[{"name":"wp","href":"https:\/\/api.w.org\/{rel}","templated":true}]}}