{"id":108,"date":"2017-10-03T15:50:10","date_gmt":"2017-10-03T14:50:10","guid":{"rendered":"http:\/\/amiens-sociologie.fr\/?page_id=108"},"modified":"2025-10-01T23:47:12","modified_gmt":"2025-10-01T22:47:12","slug":"vincent-cardon","status":"publish","type":"page","link":"http:\/\/amiens-sociologie.fr\/index.php\/vincent-cardon\/","title":{"rendered":"Vincent Cardon"},"content":{"rendered":"<p>Ma\u00eetre de conf\u00e9rences<\/p>\n<p><em>Domaines de recherche :<\/em> Sociologie \u00e9conomique, sociologie des sciences et des techniques, sociologie du travail et de l\u2019emploi<\/p>\n<p><em>Objets, terrains\u00a0:<\/em> carri\u00e8res, in\u00e9galit\u00e9s, protection sociale, algorithmes du web, mesure et quantification, sociologie des sciences et des techniques.<\/p>\n<p><em>M\u00e9thodes\u00a0:<\/em> analyses quantitatives, m\u00e9thodes ethnographiques, fouille textuelle automatis\u00e9e et analyses scientom\u00e9triques<\/p>\n<p><strong>Enseignements<\/strong><\/p>\n<p>L3 : Enqu\u00eate quantitative<\/p>\n<p>M1 Sociologie : TD Bases de donn\u00e9es<\/p>\n<p>M2 PTS : TD Outils statistiques pour sociologues<\/p>\n<p>M2 IPEIS : Sociologie du travail et de l\u2019emploi<\/p>\n<p>M2 IDEP : Analyse longitudinale<\/p>\n<p>M2 Culture et Patrimoine (CPIN) : Sociologie de l\u2019emploi artistique<\/p>\n<p>M2 D\u00e9veloppement Social\u00a0: Protection sociale et mondialisation<\/p>\n<p><strong>Publications<\/strong><\/p>\n<p>Cardon V., 2025, \u00ab\u00a0L&#8217;interd\u00e9pendance des temps. Parentalit\u00e9 et carri\u00e8res f\u00e9minines dans les spectacles\u00a0\u00bb,\u00a0<em>L&#8217;Ann\u00e9e Sociologique<\/em>, 75\/1, p. 137-168.<\/p>\n<p>Cardon V., 2025, \u201cContinuous discontinuation: the DDT ban as a framework for the perpetuation of pesticides use\u201d, <em>Environmental Sociology<\/em>, accept\u00e9 le 21 mars, avec A. Levain, F. Dedieu, F. Pellissier, P.-B. Joly et M. Barbier, https:\/\/doi.org\/10.1080\/23251042.2025.2484478<\/p>\n<p>Cardon V., Machut A., Perdoncin A., 2024, \u00ab Discontinuit\u00e9s professionnelles en contexte de crise. Atouts et limites d\u2019une enqu\u00eate pan\u00e9lis\u00e9e sur les effets sociaux de la pand\u00e9mie de Covid-19 \u00bb, <em>C\u00e9req \u00c9changes<\/em>, n\u00b023, juin, p. 317-328.<\/p>\n<p>Cardon V., 2023, \u00ab\u00a0Roux N., 2024, \u00ab\u00a0La pr\u00e9carit\u00e9 durable. , Vivre en emploi discontinu\u00a0\u00bb, Paris, PUF\u00a0\u00bb, <em>Travail et Emploi<\/em>, 172, p. 17-21.<\/p>\n<p>Cardon V., Dagiral E., Peerbaye A., 2023, \u00ab Un ouvrage inclassable ? Pr\u00e9sentation de la traduction fran\u00e7aise \u00bb, in Bowker G. et Star S. 2023, <em>Arranger les Choses. Des cons\u00e9quences de la classification<\/em>, Paris, \u00c9ditions de l\u2019EHESS, p. 11-26.<\/p>\n<p>Bowker G. et Star S., 2023, <em>Arranger les choses. Des cons\u00e9quences de la classification<\/em>, Traduit de l&#8217;anglais avec A. Peerbaye et E. Dagiral. H. Boullier, B. Kotras et V. Zabban, Editions de l\u2019EHESS, collection Translations.<\/p>\n<p>Cardon V., Machut A., Perdoncin A., 2023 \u00ab\u00a0L\u2019exp\u00e9rience du confinement des travailleurs sur site \u00e0 l\u2019intersection du travail et du hors-travail. Genre, conditions de travail et relations sociales\u00a0\u00bb, <em>Sociologie, <\/em>n\u00b0 2, vol. 14, p. 175-197.<\/p>\n<p>Cardon V., Frigul, N., 2021, \u00ab\u00a0Le m\u00e9tier d\u2019\u00e9tudiant confin\u00e9. Un printemps de crise de l\u2019infrastructure universitaire, des temps et des r\u00f4les\u00a0\u00bb, <em>Les Mondes du Travail<\/em>, n\u00b026 (1), p. 117-133.<\/p>\n<p>Cardon V. , Machut A., 2021, \u00ab\u00a0Les travailleurs sur site, tous visibles et reconnus ?\u00a0\u00bb, in Mariot N., Merckl\u00e9 P., Perdoncin A. (Dir.), <em>Personne ne Bouge. Une enqu\u00eate sur le confinement du printemps 2020<\/em>, Grenoble, Presses Universitaires de Grenoble, p. 65-72.<\/p>\n<p>Cardon V., Perdoncin A., 2021, \u00ab\u00a0Comment la crise sanitaire devient-elle crise sociale ?\u00a0\u00a0\u00bb, in Mariot N., Merckl\u00e9 P., Perdoncin A., <em>Personne ne Bouge. Une enqu\u00eate sur le confinement du printemps 2020<\/em>, Grenoble, Presses Universitaires de Grenoble, p. 73-83.<\/p>\n<p>Cardon V., T\u00e9tart, G., 2021, &#8220;Mod\u00e9liser pour mobiliser : le futur de l\u2019alimentation mondiale comme enjeu de lutte entre s\u00e9curit\u00e9 alimentaire globale et alimentation durable&#8221;, in de Raymond A., Thivet D. <em>Un monde sans faim<\/em>, Paris, Presses de Sciences Po, p. 51-71.<\/p>\n<p>Cardon V., 2020, \u201cBounded futures: Growing a Boundary Foreknowledge Infrastructure in Food Security Research,\u201d <em>Science, Technology and Society<\/em>, special issue on Science, Technology and Food Security, 25(1), p. 38\u201366,\u00a0 <a href=\"https:\/\/10.1177\/0971721819889918\">https:\/\/doi.org\/10.1177\/0971721819889918<\/a>.<\/p>\n<p>Cardon V., 2020, \u00ab Emploi flexible et protection sociale. Les retraites des artistes intermittents du spectacle \u00bb, r\u00e9-\u00e9dition d&#8217;un article de 2018 dans le Dossier sp\u00e9cial RFSE en lutte, &#8220;La casse de l\u2019\u00c9tat social mise en lumi\u00e8re par la pand\u00e9mie. Retour sur un lent processus de d\u00e9litement&#8221;, (Hors-s\u00e9rie), <em>Revue Fran\u00e7aise de Socio-\u00e9conomie<\/em>, p. 299-319, <a href=\"https:\/\/doi.org\/10.3917\/rfse.spe2020.0299\">https:\/\/doi.org\/10.3917\/rfse.spe2020.0299<\/a><\/p>\n<p>Cardon V., 2019, \u00ab\u00a0Les revenus des intermittents du spectacle\u00a0\u00bb, <em>Les cahiers Fran\u00e7ais<\/em>, 409, mars-avril, num\u00e9ro &#8220;Financer la culture&#8221;, p. 68-80.<\/p>\n<p>Cardon V., 2018, \u00ab\u00a0Emploi flexible et protection sociale. Les retraites des artistes intermittents du spectacle\u00a0\u00bb, <em>Revue Fran\u00e7aise de Socio-\u00e9conomie, <\/em>n\u00b020, p. 101-121. <a href=\"https:\/\/doi.org\/10.3917\/rfse.020.0101\">https:\/\/doi.org\/10.3917\/rfse.020.0101<\/a><\/p>\n<p>Cardon V. Prete G., 2018, &#8220;Public Conviction With No Scientific Evidence: Undone Popular Epidemiology and the Denunciation of The Health Effects Of Pesticides In A French Apple-Growing Region,&#8221;\u00a0<em>Environmental Sociology<\/em>, 4 (2), p. 253-263.<\/p>\n<p>Beauvisage T., Beuscart J.-S., Cardon V. Mellet K., Trespeuch M., 2018, &#8220;Online Consumer Reviews: Markets Facing Common Opinion,&#8221;\u00a0 R\u00e9seaux, n\u00b0177, p. 207-245, disponible sur cairn international. Version traduite et r\u00e9vis\u00e9e de Beauvisage et. al. 2013.<\/p>\n<p>Cardon V., 2017, \u00ab\u00a0Retraites des salari\u00e9s intermittents du spectacle\u00a0: plus de b\u00e9n\u00e9ficiaires pour des pensions d\u00e9croissantes au fil des g\u00e9n\u00e9rations\u00a0\u00bb, <em>Culture Chiffres<\/em>, 2017\/2, La documentation Fran\u00e7aise.<\/p>\n<p>Cardon V., 2017, \u00ab\u00a0De l\u2019emploi atypique \u00e0 la retraite du r\u00e9gime g\u00e9n\u00e9ral. Les retraites des intermittents du spectacle\u00a0\u00bb. <em>Retraite et soci\u00e9t\u00e9, <\/em>n\u00b0 78, p. 137-157.<\/p>\n<p>Cardon V., Barbier M., 2017, \u201cThe fragmentation of plant and food biosecurity research networks. A scientometric analysis\u201d, in Gullino L., Fletcher J., Stack J. and Mumford J. (Ed.), <em>Practical Tools for Plant and Food Biosecurity. Results from a Network of Excellence, <\/em>Springer Books, p. 289-309.<\/p>\n<p>Cardon V., 2017, \u00ab\u00a0Making the Most of International Opportunities and Experiences for Researchers\u2019 Training Within a Large, Multinational EU Project: The Students\u2019 Perspective\u00a0\u00bb, <em>ibid., <\/em>p. 349-363, with T. Llera, I. Moncrief, Y. Isack, F. Yeni, G. Gilardi, J. Woodhall, G. Ortu, and M.L. Gullino<\/p>\n<p>Cardon V., 2016, \u00ab\u00a0Produire \u00ab l\u2019\u00e9vidence \u00bb. Le travail d\u2019appariement et de recrutement dans le monde du cin\u00e9ma\u00a0\u00bb, <em>Sociologie du travail<\/em>, n\u00b058 (2), p. 160-180.<\/p>\n<p>Cardon V., Roharik I., 2016,<strong> \u00ab\u00a0<\/strong>Le d\u00e9ploiement temporel des in\u00e9galit\u00e9s de genre dans le monde du journalisme. Une analyse longitudinale\u00a0\u00bb, <em>Temporalit\u00e9s<\/em>, n\u00b0 23.<\/p>\n<p>Cardon V., 2015, \u00ab\u00a0La guerre des \u00e9toiles. La r\u00e9putation h\u00f4teli\u00e8re \u00e0 l\u2019\u00e9preuve du web contributif\u00a0\u00bb, <em>Revue d\u2019Anthropologie des Connaissances<\/em>, n\u00b09 (1), p. 39-62. Dossier th\u00e9matique \u00ab\u00a0connaissances et march\u00e9s\u00a0\u00bb.<\/p>\n<p>Cardon V., 2015, \u201c\u201cThis is the girl\u201d.\u00a0The social division of the recruitment process in the French film industry\u201d, <em>in<\/em> Bielby D. and Roussel V., <em>Brokerage and Production in the American and French Entertainment Industries: Invisible Hands in Cultural Markets<\/em>, Lexington Books, p. 153-171.<\/p>\n<p>Cardon V., 2014, \u00ab\u00a0Des chiffres et des lettres. Evaluation, expressions du jugement de qualit\u00e9 et hi\u00e9rarchies sur le march\u00e9 de l\u2019h\u00f4tellerie\u00a0\u00bb, <em>R\u00e9seaux,<\/em> n\u00b0183 (1), p. 205-245.<\/p>\n<p>Cardon V., Pilmis O., 2014, \u00ab\u00a0Travailler \u00e0 tout prix. Les r\u00e9tributions mon\u00e9taires et non mon\u00e9taires du travail artistique\u00a0\u00bb, <em>Observatoire des politiques culturelles<\/em>, n\u00b044, p. 24-27<\/p>\n<p>Cardon V., Pilmis O., 2013, \u00ab\u00a0Des projets \u00e0 la carri\u00e8re. Artistes interpr\u00e8tes et anticipations des contreparties du travail, une perspective biographique\u00a0\u00bb, <em>Soci\u00e9t\u00e9s Contemporaines,<\/em> n\u00b0 91 (3), oct. dec., p. 43-65.<\/p>\n<p>Cardon V., Gr\u00e9goire M., 2013, \u00ab\u00a0Les syndicats du spectacle et le placement dans l\u2019entre-deux-guerres\u00a0\u00bb, <em>Le Mouvement Social<\/em>, n\u00b0243 (2), p. 19-30.<\/p>\n<p>Cardon V., 2013, \u00ab\u00a0Notes et avis des consommateurs sur le Web. Les march\u00e9s \u00e0 l\u2019\u00e9preuve de l\u2019\u00e9valuation profane\u00a0\u00bb, <em>R\u00e9seaux<\/em>, n\u00b0177 (1), p. 131-163. Avec T. Beauvisage, J.-S. Beuscart, K. Mellet, M. Trespeuch.<\/p>\n<p>Cardon V., Liz\u00e9 W., 2013, \u00ab\u00a0La distribution artistique Le travail des professionnels de la \u00ab\u00a0rencontre\u00a0\u00bb, <em>in <\/em>de Verdalle L.<em>, <\/em>Rot G., <em>Sociologie du cin\u00e9ma<\/em>, Paris, La dispute, p. 151-167.<\/p>\n<p>Cardon V., de Verdalle L., Pilmis O., 2013, \u00ab\u00a0Le court m\u00e9trage, entre pari et investissement\u00a0\u00bb, <em>in <\/em>de Verdalle L.<em>, <\/em>Rot G., <em>Sociologie du cin\u00e9ma<\/em>, Paris, La dispute, p. 97-107.<\/p>\n<p>Cardon V., 2013, \u00ab\u00a0Les h\u00f4teliers face aux voyageurs\u00a0\u00bb, <em>Usages et Valeurs<\/em>, n\u00b047, f\u00e9vrier 2013, p. 11-13, traduit\u00a0: \u201cThe hotel industry and the challenge of online reviews\u201d, <em>Lettre Usages et Valeurs<\/em>, English issue, n\u00b047, April 2013, p. 11-13.<\/p>\n<p>Cardon V., 2013, \u00ab\u00a0Une typologie des sites web d\u2019avis de consommateurs\u00a0\u00bb, <em>Usages et Valeurs, <\/em>n\u00b0 47, f\u00e9vrier 2013, p. 8-11, avec Beauvisage <em>et. al.<\/em><\/p>\n<p><strong>Work in progress&#8230;.<\/strong><\/p>\n<p>&#8220;Style Matters. Identity Signaling, Trust and Relevance in Online Hotel Reviewing,&#8221; soumis \u00e0 <em>Poetics<\/em>.<\/p>\n<p>\u201cWhat if\u2026?: Uncertainty, imaginaries and the modeling of unprecedented agro-bio-terrorist threats\u201d<\/p>\n<p><strong>Rapports de recherche<\/strong><\/p>\n<p>Cardon V., 2020, <em>Les conditions de confinement des \u00e9tudiants de l\u2019UPJV, synth\u00e8se de l\u2019enqu\u00eate<\/em>, 29 mai, 18 p., <a href=\"http:\/\/amiens-sociologie.fr\/index.php\/enquete-sur-le-confinement-des-etudiants-de-lupjv\/\">http:\/\/amiens-sociologie.fr\/index.php\/enquete-sur-le-confinement-des-etudiants-de-lupjv\/<\/a><\/p>\n<p>Cardon V., 2017, <em>Maternit\u00e9, parentalit\u00e9 et in\u00e9galit\u00e9s de genre dans les m\u00e9tiers des spectacles<\/em>, rapport final, remis au D\u00e9partement des Etudes et de la prospective du Minist\u00e8re de la Culture et de la Communication le 31 octobre, 102 p.<\/p>\n<p>Cardon V., 2016, <em>Research Dynamics and Knowledge Capacities of Plant-food Biosecurity. A sociological account<\/em>, PlantFoodSec (FP7), WP3, final report, with Marc Barbier, April 1<sup>st<\/sup>, 60p.<\/p>\n<p>Cardon V., 2015, <em>Les in\u00e9galit\u00e9s hommes\/femmes dans le secteur de l\u2019audiovisuel, au travers des dynamiques de parcours<\/em>, Rapport final, remis le 15 avril, 295 p.<\/p>\n<p>Cardon V., 2014, <em>Emploi, vieillissement et retraite dans les m\u00e9tiers des spectacles<\/em>, rapport pour le minist\u00e8re de la Culture, 5 mars 2014, 228 p.<\/p>\n<p>Cardon V., 2014, <em>Plant and food Biosecurity at the frontier: building a capacity with fragmented research networks. <\/em><em>Results of a qualitative sociological enquiry and of a scientometric analysis of <\/em><em>Plant and food Biosecurity research<\/em>, rapport pour le WP3, 12 mars 2014, 23 p.<\/p>\n<p>Cardon V., 2012, <em>Les consommateurs donnent leur avis. Essai de typologie des dispositifs d\u2019\u00e9valuation du web social<\/em>, f\u00e9vrier 2012, avec Beauvisage <em>et. al., <\/em>48 p.<\/p>\n<p>Cardon V., 2012<strong>, <\/strong><em>Avis de consommateurs en ligne et industrie h\u00f4teli\u00e8re. Le cas TripAdvisor<\/em>, septembre 2012, 109 p.<\/p>\n<p>Cardon V., 2012<strong>, <\/strong><em>Les pommes de la discorde. Construction d\u2019une cause et conflits de cadrage\u00a0: la pomiculture intensive en Corr\u00e8ze<\/em>, (avec O. Pilmis), rapport pour l\u2019ANSES, 15 d\u00e9cembre 2012. 5p.<\/p>\n<p>Cardon V., 2011<strong>, <\/strong>La formation \u00e0 la m\u00e9diation \u00e0 l\u2019Orchestre Fran\u00e7ais des Jeunes, 15 novembre 2011, avec O. Pilmis et M. Duclau, 44p.<\/p>\n<p>Cardon V., 2010<strong>, <\/strong><em>Le rapport \u00e0 l\u2019emploi et \u00e0 la retraite des com\u00e9diens et musiciens \u00e2g\u00e9s<\/em>, remis le 17 d\u00e9cembre 2010, 195 p.<\/p>\n","protected":false},"excerpt":{"rendered":"<p>Ma\u00eetre de conf\u00e9rences Domaines de recherche : Sociologie \u00e9conomique, sociologie des sciences et des techniques, sociologie du travail et de l\u2019emploi Objets, terrains\u00a0: carri\u00e8res, in\u00e9galit\u00e9s, protection sociale, algorithmes du web, mesure et quantification, sociologie des sciences et des techniques. M\u00e9thodes\u00a0: analyses quantitatives, m\u00e9thodes ethnographiques, fouille textuelle automatis\u00e9e et analyses scientom\u00e9triques Enseignements L3 : Enqu\u00eate quantitative &#8230; <a title=\"Vincent Cardon\" class=\"read-more\" href=\"http:\/\/amiens-sociologie.fr\/index.php\/vincent-cardon\/\">Read more<span class=\"screen-reader-text\">Vincent Cardon<\/span><\/a><\/p>\n","protected":false},"author":1,"featured_media":0,"parent":0,"menu_order":0,"comment_status":"closed","ping_status":"closed","template":"","meta":[],"_links":{"self":[{"href":"http:\/\/amiens-sociologie.fr\/index.php\/wp-json\/wp\/v2\/pages\/108"}],"collection":[{"href":"http:\/\/amiens-sociologie.fr\/index.php\/wp-json\/wp\/v2\/pages"}],"about":[{"href":"http:\/\/amiens-sociologie.fr\/index.php\/wp-json\/wp\/v2\/types\/page"}],"author":[{"embeddable":true,"href":"http:\/\/amiens-sociologie.fr\/index.php\/wp-json\/wp\/v2\/users\/1"}],"replies":[{"embeddable":true,"href":"http:\/\/amiens-sociologie.fr\/index.php\/wp-json\/wp\/v2\/comments?post=108"}],"version-history":[{"count":67,"href":"http:\/\/amiens-sociologie.fr\/index.php\/wp-json\/wp\/v2\/pages\/108\/revisions"}],"predecessor-version":[{"id":3311,"href":"http:\/\/amiens-sociologie.fr\/index.php\/wp-json\/wp\/v2\/pages\/108\/revisions\/3311"}],"wp:attachment":[{"href":"http:\/\/amiens-sociologie.fr\/index.php\/wp-json\/wp\/v2\/media?parent=108"}],"curies":[{"name":"wp","href":"https:\/\/api.w.org\/{rel}","templated":true}]}}