{"id":1057,"date":"2018-10-08T14:14:18","date_gmt":"2018-10-08T13:14:18","guid":{"rendered":"http:\/\/amiens-sociologie.fr\/?page_id=1057"},"modified":"2019-10-14T17:52:17","modified_gmt":"2019-10-14T16:52:17","slug":"methodologie-de-la-sociologie-td-l1s1","status":"publish","type":"page","link":"http:\/\/amiens-sociologie.fr\/index.php\/methodologie-de-la-sociologie-td-l1s1\/","title":{"rendered":"M\u00e9thodologie de la sociologie (TD L1S1)"},"content":{"rendered":"<p>Ce TD vient en compl\u00e9ment du CM &#8220;Introduction \u00e0 la sociologie&#8221;<\/p>\n<p>Brochure :<\/p>\n<p><a href=\"http:\/\/amiens-sociologie.fr\/wp-content\/uploads\/2019\/10\/Recueil_IntroSocio_L1_2019_Descoutures.pdf\">Recueil Introduction \u00e0 la sociologie<\/a><\/p>\n","protected":false},"excerpt":{"rendered":"<p>Ce TD vient en compl\u00e9ment du CM &#8220;Introduction \u00e0 la sociologie&#8221; Brochure : Recueil Introduction \u00e0 la sociologie<\/p>\n","protected":false},"author":1,"featured_media":0,"parent":0,"menu_order":0,"comment_status":"closed","ping_status":"closed","template":"","meta":[],"_links":{"self":[{"href":"http:\/\/amiens-sociologie.fr\/index.php\/wp-json\/wp\/v2\/pages\/1057"}],"collection":[{"href":"http:\/\/amiens-sociologie.fr\/index.php\/wp-json\/wp\/v2\/pages"}],"about":[{"href":"http:\/\/amiens-sociologie.fr\/index.php\/wp-json\/wp\/v2\/types\/page"}],"author":[{"embeddable":true,"href":"http:\/\/amiens-sociologie.fr\/index.php\/wp-json\/wp\/v2\/users\/1"}],"replies":[{"embeddable":true,"href":"http:\/\/amiens-sociologie.fr\/index.php\/wp-json\/wp\/v2\/comments?post=1057"}],"version-history":[{"count":2,"href":"http:\/\/amiens-sociologie.fr\/index.php\/wp-json\/wp\/v2\/pages\/1057\/revisions"}],"predecessor-version":[{"id":1594,"href":"http:\/\/amiens-sociologie.fr\/index.php\/wp-json\/wp\/v2\/pages\/1057\/revisions\/1594"}],"wp:attachment":[{"href":"http:\/\/amiens-sociologie.fr\/index.php\/wp-json\/wp\/v2\/media?parent=1057"}],"curies":[{"name":"wp","href":"https:\/\/api.w.org\/{rel}","templated":true}]}}