{"id":102,"date":"2017-10-03T15:49:28","date_gmt":"2017-10-03T14:49:28","guid":{"rendered":"http:\/\/amiens-sociologie.fr\/?page_id=102"},"modified":"2019-09-21T18:11:12","modified_gmt":"2019-09-21T17:11:12","slug":"patricia-bouhnik","status":"publish","type":"page","link":"http:\/\/amiens-sociologie.fr\/index.php\/patricia-bouhnik\/","title":{"rendered":"Patricia Bouhnik"},"content":{"rendered":"\n<h4><strong>Ma\u00eetre de conf\u00e9rences<\/strong><\/h4>\n\n\n\n<p>Bureau H108<\/p>\n\n\n\n<p><strong><em>Responsabilit\u00e9s p\u00e9dagogiques<\/em> : Responsable du Master 1 mention Sciences Sociales<\/strong><\/p>\n\n\n\n<p><strong><em>Permanence<\/em><\/strong> : voir affichage sur la porte du bureau. <\/p>\n\n\n\n<p><strong><em>Domaines de recherche<\/em><\/strong> : anthropologie et sociologie de la d\u00e9viance (conduites \u00e0 risques, addictions), anthropologie et sociologie urbaine (modes de vie, pr\u00e9carisation, r\u00e9seaux sociaux), anthropologie et sociologie de l\u2019intime (corps, sexualit\u00e9). <\/p>\n\n\n\n<p><strong><em>Contact<\/em><\/strong> : patricia.bouhnik[at]wanadoo.fr<\/p>\n","protected":false},"excerpt":{"rendered":"<p>Ma\u00eetre de conf\u00e9rences Bureau H108 Responsabilit\u00e9s p\u00e9dagogiques : Responsable du Master 1 mention Sciences Sociales Permanence : voir affichage sur la porte du bureau. Domaines de recherche : anthropologie et sociologie de la d\u00e9viance (conduites \u00e0 risques, addictions), anthropologie et sociologie urbaine (modes de vie, pr\u00e9carisation, r\u00e9seaux sociaux), anthropologie et sociologie de l\u2019intime (corps, sexualit\u00e9). &#8230; <a title=\"Patricia Bouhnik\" class=\"read-more\" href=\"http:\/\/amiens-sociologie.fr\/index.php\/patricia-bouhnik\/\">Read more<span class=\"screen-reader-text\">Patricia Bouhnik<\/span><\/a><\/p>\n","protected":false},"author":1,"featured_media":0,"parent":0,"menu_order":0,"comment_status":"closed","ping_status":"closed","template":"","meta":[],"_links":{"self":[{"href":"http:\/\/amiens-sociologie.fr\/index.php\/wp-json\/wp\/v2\/pages\/102"}],"collection":[{"href":"http:\/\/amiens-sociologie.fr\/index.php\/wp-json\/wp\/v2\/pages"}],"about":[{"href":"http:\/\/amiens-sociologie.fr\/index.php\/wp-json\/wp\/v2\/types\/page"}],"author":[{"embeddable":true,"href":"http:\/\/amiens-sociologie.fr\/index.php\/wp-json\/wp\/v2\/users\/1"}],"replies":[{"embeddable":true,"href":"http:\/\/amiens-sociologie.fr\/index.php\/wp-json\/wp\/v2\/comments?post=102"}],"version-history":[{"count":4,"href":"http:\/\/amiens-sociologie.fr\/index.php\/wp-json\/wp\/v2\/pages\/102\/revisions"}],"predecessor-version":[{"id":1509,"href":"http:\/\/amiens-sociologie.fr\/index.php\/wp-json\/wp\/v2\/pages\/102\/revisions\/1509"}],"wp:attachment":[{"href":"http:\/\/amiens-sociologie.fr\/index.php\/wp-json\/wp\/v2\/media?parent=102"}],"curies":[{"name":"wp","href":"https:\/\/api.w.org\/{rel}","templated":true}]}}