{"id":100,"date":"2017-10-03T15:49:19","date_gmt":"2017-10-03T14:49:19","guid":{"rendered":"http:\/\/amiens-sociologie.fr\/?page_id=100"},"modified":"2019-09-21T18:10:39","modified_gmt":"2019-09-21T17:10:39","slug":"pascal-depoorter","status":"publish","type":"page","link":"http:\/\/amiens-sociologie.fr\/index.php\/pascal-depoorter\/","title":{"rendered":"Pascal Depoorter"},"content":{"rendered":"\n<h4><strong>Ma\u00eetre de conf\u00e9rences en sociologie<\/strong><\/h4>\n\n\n\n<p>Bureau H102<\/p>\n\n\n\n<p><strong><em>Responsabilit\u00e9s p\u00e9dagogiques<\/em> : Master 2 Parcours &#8220;Ing\u00e9nierie des politiques de l\u2019emploi et de l\u2019innovation sociale&#8221; (M2 IPEIS)<\/strong>(avec \u00c9lodie Lemaire)<\/p>\n\n\n\n<p><strong><em>Permanence<\/em><\/strong> : voir affichage sur la porte du bureau ou sur rendez-vous. <\/p>\n\n\n\n<p><strong><em>Domaines de recherche<\/em><\/strong> : classes ouvri\u00e8res et populaires ; mouvements sociaux ; travail, emploi et reconversions professionnelles, interventions sociales. <\/p>\n\n\n\n<p><strong><em>Contact<\/em><\/strong> : pascal.depoorter[at]u-picardie.fr<\/p>\n","protected":false},"excerpt":{"rendered":"<p>Ma\u00eetre de conf\u00e9rences en sociologie Bureau H102 Responsabilit\u00e9s p\u00e9dagogiques : Master 2 Parcours &#8220;Ing\u00e9nierie des politiques de l\u2019emploi et de l\u2019innovation sociale&#8221; (M2 IPEIS)(avec \u00c9lodie Lemaire) Permanence : voir affichage sur la porte du bureau ou sur rendez-vous. Domaines de recherche : classes ouvri\u00e8res et populaires ; mouvements sociaux ; travail, emploi et reconversions professionnelles, &#8230; <a title=\"Pascal Depoorter\" class=\"read-more\" href=\"http:\/\/amiens-sociologie.fr\/index.php\/pascal-depoorter\/\">Read more<span class=\"screen-reader-text\">Pascal Depoorter<\/span><\/a><\/p>\n","protected":false},"author":1,"featured_media":0,"parent":0,"menu_order":0,"comment_status":"closed","ping_status":"closed","template":"","meta":[],"_links":{"self":[{"href":"http:\/\/amiens-sociologie.fr\/index.php\/wp-json\/wp\/v2\/pages\/100"}],"collection":[{"href":"http:\/\/amiens-sociologie.fr\/index.php\/wp-json\/wp\/v2\/pages"}],"about":[{"href":"http:\/\/amiens-sociologie.fr\/index.php\/wp-json\/wp\/v2\/types\/page"}],"author":[{"embeddable":true,"href":"http:\/\/amiens-sociologie.fr\/index.php\/wp-json\/wp\/v2\/users\/1"}],"replies":[{"embeddable":true,"href":"http:\/\/amiens-sociologie.fr\/index.php\/wp-json\/wp\/v2\/comments?post=100"}],"version-history":[{"count":4,"href":"http:\/\/amiens-sociologie.fr\/index.php\/wp-json\/wp\/v2\/pages\/100\/revisions"}],"predecessor-version":[{"id":1508,"href":"http:\/\/amiens-sociologie.fr\/index.php\/wp-json\/wp\/v2\/pages\/100\/revisions\/1508"}],"wp:attachment":[{"href":"http:\/\/amiens-sociologie.fr\/index.php\/wp-json\/wp\/v2\/media?parent=100"}],"curies":[{"name":"wp","href":"https:\/\/api.w.org\/{rel}","templated":true}]}}